{"id":28564,"date":"2026-03-12T19:17:07","date_gmt":"2026-03-12T16:17:07","guid":{"rendered":"https:\/\/bico.ee\/en\/?page_id=28564"},"modified":"2026-03-12T20:07:57","modified_gmt":"2026-03-12T17:07:57","slug":"english-unsubscribe","status":"publish","type":"page","link":"https:\/\/bico.ee\/fi\/english-unsubscribe\/","title":{"rendered":"(English) unsubscribe"},"content":{"rendered":"<p class=\"qtranxs-available-languages-message qtranxs-available-languages-message-fi\">T\u00e4m\u00e4 teksti on valitettavasti saatavilla vain kielill\u00e4: <a href=\"https:\/\/bico.ee\/ru\/wp-json\/wp\/v2\/pages\/28564\" class=\"qtranxs-available-language-link qtranxs-available-language-link-ru\" title=\"\u0420\u0443\u0441\u0441\u043a\u0438\u0439\">\u0420\u0443\u0441\u0441\u043a\u0438\u0439<\/a> ja <a href=\"https:\/\/bico.ee\/en\/wp-json\/wp\/v2\/pages\/28564\" class=\"qtranxs-available-language-link qtranxs-available-language-link-en\" title=\"English\">Amerikanenglanti<\/a>.<\/p>","protected":false},"excerpt":{"rendered":"<p>T\u00e4m\u00e4 teksti on valitettavasti saatavilla vain kielill\u00e4: \u0420\u0443\u0441\u0441\u043a\u0438\u0439 ja Amerikanenglanti.<\/p>\n","protected":false},"author":29,"featured_media":0,"parent":0,"menu_order":0,"comment_status":"closed","ping_status":"closed","template":"","meta":[],"_links":{"self":[{"href":"https:\/\/bico.ee\/fi\/wp-json\/wp\/v2\/pages\/28564"}],"collection":[{"href":"https:\/\/bico.ee\/fi\/wp-json\/wp\/v2\/pages"}],"about":[{"href":"https:\/\/bico.ee\/fi\/wp-json\/wp\/v2\/types\/page"}],"author":[{"embeddable":true,"href":"https:\/\/bico.ee\/fi\/wp-json\/wp\/v2\/users\/29"}],"replies":[{"embeddable":true,"href":"https:\/\/bico.ee\/fi\/wp-json\/wp\/v2\/comments?post=28564"}],"version-history":[{"count":4,"href":"https:\/\/bico.ee\/fi\/wp-json\/wp\/v2\/pages\/28564\/revisions"}],"predecessor-version":[{"id":28573,"href":"https:\/\/bico.ee\/fi\/wp-json\/wp\/v2\/pages\/28564\/revisions\/28573"}],"wp:attachment":[{"href":"https:\/\/bico.ee\/fi\/wp-json\/wp\/v2\/media?parent=28564"}],"curies":[{"name":"wp","href":"https:\/\/api.w.org\/{rel}","templated":true}]}}