{"id":13962,"date":"2026-04-10T18:43:54","date_gmt":"2026-04-10T18:43:54","guid":{"rendered":""},"modified":"2026-04-10T18:43:54","modified_gmt":"2026-04-10T18:43:54","slug":"bico-aurochsi-ripats-roosipuuga-ew3","status":"publish","type":"product","link":"https:\/\/bico.ee\/fi\/p\/bico-aurochs-riipus-ruusupuulla-ew3\/","title":{"rendered":"Bico &#8220;Aurochs&#8221; riipus ruusupuulla (EW3)"},"content":{"rendered":"<p>Tehokas yhdistelm\u00e4 ihmisen ja luonnon elementtej\u00e4. K\u00e4sin kiillotettu hopeapinnoitettu tina riipus ruusupuu -insertill\u00e4. <BR><UL><LI>Nimi: Aurochs <\/LI><LI>Merkitys: Sankaruus ja voitto <\/LI><LI>Bico tarjoaa valikoiman mattapintaisia \u200b\u200bketjuja ja nahkanauhoja ja kuristimia, jotka t\u00e4ydent\u00e4v\u00e4t t\u00e4t\u00e4 riipusta. Riipuksen leveys: 2,6 cm Pituus: 4,1 cm Silmukan halkaisija: 6,5 mm<\/p>","protected":false},"excerpt":{"rendered":"<p>EW3 825873037812<\/p>\n","protected":false},"featured_media":8026,"template":"","meta":[],"product_cat":[277,279],"product_tag":[],"_links":{"self":[{"href":"https:\/\/bico.ee\/fi\/wp-json\/wp\/v2\/product\/13962"}],"collection":[{"href":"https:\/\/bico.ee\/fi\/wp-json\/wp\/v2\/product"}],"about":[{"href":"https:\/\/bico.ee\/fi\/wp-json\/wp\/v2\/types\/product"}],"wp:featuredmedia":[{"embeddable":true,"href":"https:\/\/bico.ee\/fi\/wp-json\/wp\/v2\/media\/8026"}],"wp:attachment":[{"href":"https:\/\/bico.ee\/fi\/wp-json\/wp\/v2\/media?parent=13962"}],"wp:term":[{"taxonomy":"product_cat","embeddable":true,"href":"https:\/\/bico.ee\/fi\/wp-json\/wp\/v2\/product_cat?post=13962"},{"taxonomy":"product_tag","embeddable":true,"href":"https:\/\/bico.ee\/fi\/wp-json\/wp\/v2\/product_tag?post=13962"}],"curies":[{"name":"wp","href":"https:\/\/api.w.org\/{rel}","templated":true}]}}