{"id":13988,"date":"2026-04-10T18:43:55","date_gmt":"2026-04-10T18:43:55","guid":{"rendered":""},"modified":"2026-04-10T18:43:55","modified_gmt":"2026-04-10T18:43:55","slug":"bico-nucleus-ripats-roosipuuga-ew53","status":"publish","type":"product","link":"https:\/\/bico.ee\/fi\/p\/bico-nucleus-riipus-ruusupuulla-ew53\/","title":{"rendered":"Bico &#8220;Nucleus&#8221; riipus ruusupuulla (EW53)"},"content":{"rendered":"<p>Tehokas yhdistelm\u00e4 ihmisen ja luonnon elementtej\u00e4. K\u00e4sin kiillotettu hopeapinnoitettu tina riipus ruusupuu -insertill\u00e4. <BR><UL><LI>Nimi: Nucleus <\/LI><LI>Merkitys: Core Foundations, Spark Of Life <\/LI><LI>Bico tarjoaa valikoiman mattapintaisia \u200b\u200bketjuja ja nahkanauhoja ja kuristimia, jotka t\u00e4ydent\u00e4v\u00e4t t\u00e4t\u00e4 riipusta. Riipuksen leveys: 2 cm Pituus: 4 cm Silmukan halkaisija: 6,5 mm<\/p>","protected":false},"excerpt":{"rendered":"<p>EW53 825873043981<\/p>\n","protected":false},"featured_media":8086,"template":"","meta":[],"product_cat":[277,279],"product_tag":[],"_links":{"self":[{"href":"https:\/\/bico.ee\/fi\/wp-json\/wp\/v2\/product\/13988"}],"collection":[{"href":"https:\/\/bico.ee\/fi\/wp-json\/wp\/v2\/product"}],"about":[{"href":"https:\/\/bico.ee\/fi\/wp-json\/wp\/v2\/types\/product"}],"wp:featuredmedia":[{"embeddable":true,"href":"https:\/\/bico.ee\/fi\/wp-json\/wp\/v2\/media\/8086"}],"wp:attachment":[{"href":"https:\/\/bico.ee\/fi\/wp-json\/wp\/v2\/media?parent=13988"}],"wp:term":[{"taxonomy":"product_cat","embeddable":true,"href":"https:\/\/bico.ee\/fi\/wp-json\/wp\/v2\/product_cat?post=13988"},{"taxonomy":"product_tag","embeddable":true,"href":"https:\/\/bico.ee\/fi\/wp-json\/wp\/v2\/product_tag?post=13988"}],"curies":[{"name":"wp","href":"https:\/\/api.w.org\/{rel}","templated":true}]}}