{"id":13991,"date":"2026-04-10T18:43:55","date_gmt":"2026-04-10T18:43:55","guid":{"rendered":""},"modified":"2026-04-10T18:43:55","modified_gmt":"2026-04-10T18:43:55","slug":"bico-cella-kaheosaline-poorlev-hoimuliip-s1-must","status":"publish","type":"product","link":"https:\/\/bico.ee\/fi\/p\/bico-cella-kaksiosainen-pyoriva-heimo-riipus-s1-musta\/","title":{"rendered":"Bico &#8220;Cella&#8221; kaksiosainen py\u00f6riv\u00e4 heimo riipus (S1 musta)"},"content":{"rendered":"<p>Monimutkaiset riipukset kehruukeskuksineen, joissa on h\u00e4mm\u00e4stytt\u00e4v\u00e4n erilaisia \u200b\u200bmalleja sek\u00e4 etu- ett\u00e4 k\u00e4\u00e4nt\u00f6puolella.<BR><UL><LI> Nimi: Cella <\/LI><LI>Merkitys: Inner Drive, Innoittamana sis\u00e4lt\u00e4 <\/LI><LI>Bico tarjoaa valikoiman mattapintaisia \u200b\u200bketjuja ja nahkanauhoja ja kuristimia, jotka t\u00e4ydent\u00e4v\u00e4t t\u00e4t\u00e4 riippuvalaistettua tina -riipusta, jossa on keskell\u00e4 py\u00f6riv\u00e4 osa. Riipuksen leveys: 3 cm Pituus: 3 cm Silmukan halkaisija: 6,5 mm<\/p>","protected":false},"excerpt":{"rendered":"<p>S1BLK 825873043998<\/p>\n","protected":false},"featured_media":8097,"template":"","meta":[],"product_cat":[277,280],"product_tag":[],"_links":{"self":[{"href":"https:\/\/bico.ee\/fi\/wp-json\/wp\/v2\/product\/13991"}],"collection":[{"href":"https:\/\/bico.ee\/fi\/wp-json\/wp\/v2\/product"}],"about":[{"href":"https:\/\/bico.ee\/fi\/wp-json\/wp\/v2\/types\/product"}],"wp:featuredmedia":[{"embeddable":true,"href":"https:\/\/bico.ee\/fi\/wp-json\/wp\/v2\/media\/8097"}],"wp:attachment":[{"href":"https:\/\/bico.ee\/fi\/wp-json\/wp\/v2\/media?parent=13991"}],"wp:term":[{"taxonomy":"product_cat","embeddable":true,"href":"https:\/\/bico.ee\/fi\/wp-json\/wp\/v2\/product_cat?post=13991"},{"taxonomy":"product_tag","embeddable":true,"href":"https:\/\/bico.ee\/fi\/wp-json\/wp\/v2\/product_tag?post=13991"}],"curies":[{"name":"wp","href":"https:\/\/api.w.org\/{rel}","templated":true}]}}