{"id":13994,"date":"2026-04-10T18:43:55","date_gmt":"2026-04-10T18:43:55","guid":{"rendered":""},"modified":"2026-04-10T18:43:55","modified_gmt":"2026-04-10T18:43:55","slug":"bico-cyberutopia-kaheosaline-poorlev-hoimuliip-s6-messingvask","status":"publish","type":"product","link":"https:\/\/bico.ee\/fi\/p\/bico-cyberutopia-kaksiosainen-pyoriva-heimo-riipus-s6-messinkikupari\/","title":{"rendered":"Bico &#8220;Cyberutopia&#8221; kaksiosainen py\u00f6riv\u00e4 heimo riipus (S6 messinkikupari)"},"content":{"rendered":"<p>Monimutkaiset riipukset kehruukeskuksineen, joissa on h\u00e4mm\u00e4stytt\u00e4v\u00e4n erilaisia \u200b\u200bmalleja sek\u00e4 etu- ett\u00e4 k\u00e4\u00e4nt\u00f6puolella.<BR><UL><LI> Nimi: Cyberutopia <\/LI><LI>Merkitys: Tulevaisuus on nyt <\/LI><LI> Bico tarjoaa valikoiman mattapintaisia \u200b\u200bketjuja ja nahkanauhoja ja kuristimia, jotka t\u00e4ydent\u00e4v\u00e4t t\u00e4t\u00e4 riippuvalaistettua tina -riipusta keskell\u00e4 py\u00f6riv\u00e4ll\u00e4 osalla. Riipuksen leveys: 3,1 cm Pituus: 3,1 cm Silmukan halkaisija: 6,5 mm<\/p>","protected":false},"excerpt":{"rendered":"<p>S6AB 825873044155<\/p>\n","protected":false},"featured_media":8104,"template":"","meta":[],"product_cat":[277,280],"product_tag":[],"_links":{"self":[{"href":"https:\/\/bico.ee\/fi\/wp-json\/wp\/v2\/product\/13994"}],"collection":[{"href":"https:\/\/bico.ee\/fi\/wp-json\/wp\/v2\/product"}],"about":[{"href":"https:\/\/bico.ee\/fi\/wp-json\/wp\/v2\/types\/product"}],"wp:featuredmedia":[{"embeddable":true,"href":"https:\/\/bico.ee\/fi\/wp-json\/wp\/v2\/media\/8104"}],"wp:attachment":[{"href":"https:\/\/bico.ee\/fi\/wp-json\/wp\/v2\/media?parent=13994"}],"wp:term":[{"taxonomy":"product_cat","embeddable":true,"href":"https:\/\/bico.ee\/fi\/wp-json\/wp\/v2\/product_cat?post=13994"},{"taxonomy":"product_tag","embeddable":true,"href":"https:\/\/bico.ee\/fi\/wp-json\/wp\/v2\/product_tag?post=13994"}],"curies":[{"name":"wp","href":"https:\/\/api.w.org\/{rel}","templated":true}]}}