{"id":13995,"date":"2026-04-10T18:43:55","date_gmt":"2026-04-10T18:43:55","guid":{"rendered":""},"modified":"2026-04-10T18:43:55","modified_gmt":"2026-04-10T18:43:55","slug":"bico-veritas-ratta-kaheosaline-ketrus-tribal-ripats-s7-must","status":"publish","type":"product","link":"https:\/\/bico.ee\/fi\/p\/bico-veritas-pyora-kaksiosainen-pyoriva-tribal-riipus-s7-musta\/","title":{"rendered":"Bico &#8220;Veritas&#8221; Py\u00f6r\u00e4 Kaksiosainen Py\u00f6riv\u00e4 Tribal Riipus (S7 Musta)"},"content":{"rendered":"<p>Monimutkaiset riipukset kehruukeskuksineen, joissa on h\u00e4mm\u00e4stytt\u00e4v\u00e4n erilaisia \u200b\u200bmalleja sek\u00e4 etu- ett\u00e4 k\u00e4\u00e4nt\u00f6puolella.<BR><UL><LI> Nimi: Veritas -py\u00f6r\u00e4 <\/LI><LI>Merkitys: Totuus ja l\u00e4pin\u00e4kyvyys <\/LI><LI> Bico tarjoaa valikoiman mattapintaisia \u200b\u200bketjuja ja nahkanauhoja ja kuristimia, jotka t\u00e4ydent\u00e4v\u00e4t t\u00e4t\u00e4 riippuvalaistettua tina -riipusta keskell\u00e4 py\u00f6riv\u00e4ll\u00e4 osalla. Riipuksen leveys: 2,9 cm Pituus: 2,9 cm Silmukan halkaisija: 6,5 mm<\/p>","protected":false},"excerpt":{"rendered":"<p>S7BLK 825873044179<\/p>\n","protected":false},"featured_media":8107,"template":"","meta":[],"product_cat":[277,280],"product_tag":[],"_links":{"self":[{"href":"https:\/\/bico.ee\/fi\/wp-json\/wp\/v2\/product\/13995"}],"collection":[{"href":"https:\/\/bico.ee\/fi\/wp-json\/wp\/v2\/product"}],"about":[{"href":"https:\/\/bico.ee\/fi\/wp-json\/wp\/v2\/types\/product"}],"wp:featuredmedia":[{"embeddable":true,"href":"https:\/\/bico.ee\/fi\/wp-json\/wp\/v2\/media\/8107"}],"wp:attachment":[{"href":"https:\/\/bico.ee\/fi\/wp-json\/wp\/v2\/media?parent=13995"}],"wp:term":[{"taxonomy":"product_cat","embeddable":true,"href":"https:\/\/bico.ee\/fi\/wp-json\/wp\/v2\/product_cat?post=13995"},{"taxonomy":"product_tag","embeddable":true,"href":"https:\/\/bico.ee\/fi\/wp-json\/wp\/v2\/product_tag?post=13995"}],"curies":[{"name":"wp","href":"https:\/\/api.w.org\/{rel}","templated":true}]}}