{"id":13997,"date":"2026-04-24T07:43:51","date_gmt":"2026-04-24T07:43:51","guid":{"rendered":""},"modified":"2026-04-24T07:43:51","modified_gmt":"2026-04-24T07:43:51","slug":"bico-warrior-hobedane-ja-kuldne-2-tooniline-ripats-t3","status":"publish","type":"product","link":"https:\/\/bico.ee\/fi\/p\/bico-warrior-hopea-ja-kulta-2-savyinen-riipus-t3\/","title":{"rendered":"Bico &#8220;Warrior&#8221; hopea ja kulta 2 s\u00e4vyinen riipus (T3)"},"content":{"rendered":"<p>Tulen ja j\u00e4\u00e4n elementit sulautuivat yhteen. <BR><UL><LI>Nimi: Soturi <\/LI><LI>Merkitys: Voittamattomuus ja vahvuus <\/LI><LI> Bico tarjoaa valikoiman mattapintaisia \u200b\u200bketjuja ja nahkanauhoja ja kuristimia, jotka t\u00e4ydent\u00e4v\u00e4t t\u00e4t\u00e4 kulta- ja hopeapinnoitettua riipusta ainutlaatuisella suojapinnoitteella. Riipuksen leveys: 2,3 cm Pituus: 2,9 cm Silmukan halkaisija: 6,5 mm<\/p>","protected":false},"excerpt":{"rendered":"<p>T3 825873001073<\/p>\n","protected":false},"featured_media":8113,"template":"","meta":[],"product_cat":[277,278],"product_tag":[],"_links":{"self":[{"href":"https:\/\/bico.ee\/fi\/wp-json\/wp\/v2\/product\/13997"}],"collection":[{"href":"https:\/\/bico.ee\/fi\/wp-json\/wp\/v2\/product"}],"about":[{"href":"https:\/\/bico.ee\/fi\/wp-json\/wp\/v2\/types\/product"}],"wp:featuredmedia":[{"embeddable":true,"href":"https:\/\/bico.ee\/fi\/wp-json\/wp\/v2\/media\/8113"}],"wp:attachment":[{"href":"https:\/\/bico.ee\/fi\/wp-json\/wp\/v2\/media?parent=13997"}],"wp:term":[{"taxonomy":"product_cat","embeddable":true,"href":"https:\/\/bico.ee\/fi\/wp-json\/wp\/v2\/product_cat?post=13997"},{"taxonomy":"product_tag","embeddable":true,"href":"https:\/\/bico.ee\/fi\/wp-json\/wp\/v2\/product_tag?post=13997"}],"curies":[{"name":"wp","href":"https:\/\/api.w.org\/{rel}","templated":true}]}}