{"id":14001,"date":"2026-04-10T18:43:55","date_gmt":"2026-04-10T18:43:55","guid":{"rendered":""},"modified":"2026-04-10T18:43:55","modified_gmt":"2026-04-10T18:43:55","slug":"bico-amoeba-hobedane-ja-kuldne-2-tooniline-ripats-t14","status":"publish","type":"product","link":"https:\/\/bico.ee\/fi\/p\/bico-amoeba-hopea-ja-kulta-2-savyinen-riipus-t14\/","title":{"rendered":"Bico &#8220;Amoeba&#8221; hopea ja kulta 2 s\u00e4vyinen riipus (T14)"},"content":{"rendered":"<p>Tulen ja j\u00e4\u00e4n elementit sulautuivat yhteen. <BR><UL><LI>Nimi: Amoeba <\/LI><LI>Merkitys: Release Of Creative Energy <\/LI><LI> Bico tarjoaa valikoiman mattapintaisia \u200b\u200bketjuja ja nahkanauhoja ja kuristimia, jotka t\u00e4ydent\u00e4v\u00e4t t\u00e4t\u00e4 kulta- ja hopeapinnoitettua riipusta ainutlaatuisella suojapinnoitteella. Riipuksen leveys: 1,3 cm Pituus: 3,1 cm Silmukan halkaisija: 6,5 mm<\/p>","protected":false},"excerpt":{"rendered":"<p>T14 825873001189<\/p>\n","protected":false},"featured_media":8121,"template":"","meta":[],"product_cat":[277,278],"product_tag":[],"_links":{"self":[{"href":"https:\/\/bico.ee\/fi\/wp-json\/wp\/v2\/product\/14001"}],"collection":[{"href":"https:\/\/bico.ee\/fi\/wp-json\/wp\/v2\/product"}],"about":[{"href":"https:\/\/bico.ee\/fi\/wp-json\/wp\/v2\/types\/product"}],"wp:featuredmedia":[{"embeddable":true,"href":"https:\/\/bico.ee\/fi\/wp-json\/wp\/v2\/media\/8121"}],"wp:attachment":[{"href":"https:\/\/bico.ee\/fi\/wp-json\/wp\/v2\/media?parent=14001"}],"wp:term":[{"taxonomy":"product_cat","embeddable":true,"href":"https:\/\/bico.ee\/fi\/wp-json\/wp\/v2\/product_cat?post=14001"},{"taxonomy":"product_tag","embeddable":true,"href":"https:\/\/bico.ee\/fi\/wp-json\/wp\/v2\/product_tag?post=14001"}],"curies":[{"name":"wp","href":"https:\/\/api.w.org\/{rel}","templated":true}]}}