{"id":14006,"date":"2026-04-10T18:43:55","date_gmt":"2026-04-10T18:43:55","guid":{"rendered":""},"modified":"2026-04-10T18:43:55","modified_gmt":"2026-04-10T18:43:55","slug":"bico-forever-mees-ja-naispaar-ripatsid-bp2-kuld","status":"publish","type":"product","link":"https:\/\/bico.ee\/fi\/p\/bico-forever-mies-ja-naispariset-riipukset-bp2-gold\/","title":{"rendered":"Bico &#8220;Forever&#8221; mies  ja naispariset riipukset (BP2 Gold)"},"content":{"rendered":"<p>Sarjaan myydyt sopivat riipukset, jotka ovat ihanteellisia jaettavaksi rakkaiden tai yst\u00e4vien kesken. <BR><UL><LI>Nimi: ikuisesti <\/LI><LI>Merkitys: Two Souls United Forever <\/LI><LI> Bico tarjoaa valikoiman ketjuja, nahkanauhoja ja kuristimia t\u00e4ydent\u00e4\u00e4kseen pari sopivia riipuksia, jotka sopivat yhteen riipusten kanssa hopealla ja kullalla. Riipuksen leveys: 2 cm Pituus: 3,5 cm Silmukan halkaisija: 9 mm<\/p>","protected":false},"excerpt":{"rendered":"<p>BP2G 825873008102<\/p>\n","protected":false},"featured_media":8129,"template":"","meta":[],"product_cat":[277,281],"product_tag":[],"_links":{"self":[{"href":"https:\/\/bico.ee\/fi\/wp-json\/wp\/v2\/product\/14006"}],"collection":[{"href":"https:\/\/bico.ee\/fi\/wp-json\/wp\/v2\/product"}],"about":[{"href":"https:\/\/bico.ee\/fi\/wp-json\/wp\/v2\/types\/product"}],"wp:featuredmedia":[{"embeddable":true,"href":"https:\/\/bico.ee\/fi\/wp-json\/wp\/v2\/media\/8129"}],"wp:attachment":[{"href":"https:\/\/bico.ee\/fi\/wp-json\/wp\/v2\/media?parent=14006"}],"wp:term":[{"taxonomy":"product_cat","embeddable":true,"href":"https:\/\/bico.ee\/fi\/wp-json\/wp\/v2\/product_cat?post=14006"},{"taxonomy":"product_tag","embeddable":true,"href":"https:\/\/bico.ee\/fi\/wp-json\/wp\/v2\/product_tag?post=14006"}],"curies":[{"name":"wp","href":"https:\/\/api.w.org\/{rel}","templated":true}]}}