{"id":14007,"date":"2026-04-10T18:43:55","date_gmt":"2026-04-10T18:43:55","guid":{"rendered":""},"modified":"2026-04-10T18:43:55","modified_gmt":"2026-04-10T18:43:55","slug":"bico-star-gazes-paaris-ripatsid-bp3-hobedane-sinine","status":"publish","type":"product","link":"https:\/\/bico.ee\/fi\/p\/bico-star-gazes-parilliset-riipukset-bp3-silver-blue\/","title":{"rendered":"Bico &#8220;Star Gazes&#8221; parilliset riipukset (BP3 Silver Blue)"},"content":{"rendered":"<p>Sarjaan myydyt sopivat riipukset, jotka ovat ihanteellisia jaettavaksi rakkaiden tai yst\u00e4vien kesken. <BR><UL><LI>Nimi: T\u00e4hti Gazes <\/LI><LI>Merkitys: Katso taivaan taakse Blazing Desire <\/LI><LI> Bico tarjoaa valikoiman ketjuja, nahkanauhoja ja kuristimia t\u00e4ydent\u00e4\u00e4kseen parin sopivia riipuksia, jotka sopivat yhteen riipusten kanssa, hopeaa ja kultaa ja Swarovskin kristalleja. Riipuksen leveys: 1,9 cm Pituus: 3,8 cm Silmukan halkaisija: 9 mm<\/p>","protected":false},"excerpt":{"rendered":"<p>BP3SBLU 825873007754<\/p>\n","protected":false},"featured_media":8131,"template":"","meta":[],"product_cat":[277,281],"product_tag":[],"_links":{"self":[{"href":"https:\/\/bico.ee\/fi\/wp-json\/wp\/v2\/product\/14007"}],"collection":[{"href":"https:\/\/bico.ee\/fi\/wp-json\/wp\/v2\/product"}],"about":[{"href":"https:\/\/bico.ee\/fi\/wp-json\/wp\/v2\/types\/product"}],"wp:featuredmedia":[{"embeddable":true,"href":"https:\/\/bico.ee\/fi\/wp-json\/wp\/v2\/media\/8131"}],"wp:attachment":[{"href":"https:\/\/bico.ee\/fi\/wp-json\/wp\/v2\/media?parent=14007"}],"wp:term":[{"taxonomy":"product_cat","embeddable":true,"href":"https:\/\/bico.ee\/fi\/wp-json\/wp\/v2\/product_cat?post=14007"},{"taxonomy":"product_tag","embeddable":true,"href":"https:\/\/bico.ee\/fi\/wp-json\/wp\/v2\/product_tag?post=14007"}],"curies":[{"name":"wp","href":"https:\/\/api.w.org\/{rel}","templated":true}]}}