{"id":14017,"date":"2026-04-10T18:43:55","date_gmt":"2026-04-10T18:43:55","guid":{"rendered":""},"modified":"2026-04-10T18:43:55","modified_gmt":"2026-04-10T18:43:55","slug":"bico-cross-tags-paaristatud-ristripatsid-bp8-must","status":"publish","type":"product","link":"https:\/\/bico.ee\/fi\/p\/bico-cross-tags-parilliset-ristiriipukset-bp8-musta\/","title":{"rendered":"Bico &#8220;Cross Tags&#8221; parilliset ristiriipukset (BP8 musta)"},"content":{"rendered":"<p>Sarjaan myydyt sopivat riipukset, jotka ovat ihanteellisia jaettavaksi rakkaiden tai yst\u00e4vien kesken. <BR><UL><LI>Nimi: Ristikk\u00e4iset merkitykset <\/LI><LI>Merkitys: Uskosi valitseminen toistensa sis\u00e4ll\u00e4 <\/LI><LI> Bico tarjoaa valikoiman ketjuja, nahkanauhoja ja kuristimia t\u00e4ydent\u00e4\u00e4kseen pari sopivia riipuksia, jotka sopivat yhteen riipusten kanssa nahkaa ja Swarovskin kristalleja. Riipuksen leveys: 1,5 cm Pituus: 2 cm Silmukan halkaisija: 6,5 mm<\/p>","protected":false},"excerpt":{"rendered":"<p>BP8BLK 825873044254<\/p>\n","protected":false},"featured_media":8145,"template":"","meta":[],"product_cat":[277,281],"product_tag":[],"_links":{"self":[{"href":"https:\/\/bico.ee\/fi\/wp-json\/wp\/v2\/product\/14017"}],"collection":[{"href":"https:\/\/bico.ee\/fi\/wp-json\/wp\/v2\/product"}],"about":[{"href":"https:\/\/bico.ee\/fi\/wp-json\/wp\/v2\/types\/product"}],"wp:featuredmedia":[{"embeddable":true,"href":"https:\/\/bico.ee\/fi\/wp-json\/wp\/v2\/media\/8145"}],"wp:attachment":[{"href":"https:\/\/bico.ee\/fi\/wp-json\/wp\/v2\/media?parent=14017"}],"wp:term":[{"taxonomy":"product_cat","embeddable":true,"href":"https:\/\/bico.ee\/fi\/wp-json\/wp\/v2\/product_cat?post=14017"},{"taxonomy":"product_tag","embeddable":true,"href":"https:\/\/bico.ee\/fi\/wp-json\/wp\/v2\/product_tag?post=14017"}],"curies":[{"name":"wp","href":"https:\/\/api.w.org\/{rel}","templated":true}]}}