{"id":14018,"date":"2026-04-10T18:43:55","date_gmt":"2026-04-10T18:43:55","guid":{"rendered":""},"modified":"2026-04-10T18:43:55","modified_gmt":"2026-04-10T18:43:55","slug":"bico-squire-paaristatud-ripatsid-bp9-must","status":"publish","type":"product","link":"https:\/\/bico.ee\/fi\/p\/bico-squire-parilliset-riipukset-bp9-musta\/","title":{"rendered":"Bico &#8220;Squire&#8221; parilliset riipukset (BP9 musta)"},"content":{"rendered":"<p>Sarjaan myydyt sopivat riipukset, jotka ovat ihanteellisia jaettavaksi rakkaiden tai yst\u00e4vien kesken. <BR><UL><LI>Nimi: Squire <\/LI><LI>Merkitys: Partners in Arms, <\/LI><LI> Bico -tiimille on tarjolla joukko ketjuja, nahkanauhoja ja kuristimia, jotka t\u00e4ydent\u00e4v\u00e4t parin sopivia riipuksia, jotka sopivat yhteen riipusten ja nahkaosien kanssa. Riipuksen leveys: 1,6 cm Pituus: 3,8 cm Silmukan halkaisija: 6,5 mm<\/p>","protected":false},"excerpt":{"rendered":"<p>BP9BLK 825873044278<\/p>\n","protected":false},"featured_media":8147,"template":"","meta":[],"product_cat":[277,281],"product_tag":[],"_links":{"self":[{"href":"https:\/\/bico.ee\/fi\/wp-json\/wp\/v2\/product\/14018"}],"collection":[{"href":"https:\/\/bico.ee\/fi\/wp-json\/wp\/v2\/product"}],"about":[{"href":"https:\/\/bico.ee\/fi\/wp-json\/wp\/v2\/types\/product"}],"wp:featuredmedia":[{"embeddable":true,"href":"https:\/\/bico.ee\/fi\/wp-json\/wp\/v2\/media\/8147"}],"wp:attachment":[{"href":"https:\/\/bico.ee\/fi\/wp-json\/wp\/v2\/media?parent=14018"}],"wp:term":[{"taxonomy":"product_cat","embeddable":true,"href":"https:\/\/bico.ee\/fi\/wp-json\/wp\/v2\/product_cat?post=14018"},{"taxonomy":"product_tag","embeddable":true,"href":"https:\/\/bico.ee\/fi\/wp-json\/wp\/v2\/product_tag?post=14018"}],"curies":[{"name":"wp","href":"https:\/\/api.w.org\/{rel}","templated":true}]}}