{"id":14020,"date":"2026-04-10T18:43:55","date_gmt":"2026-04-10T18:43:55","guid":{"rendered":""},"modified":"2026-04-10T18:43:55","modified_gmt":"2026-04-10T18:43:55","slug":"bico-tesla-ripats-kummist-o-rongastega-or4","status":"publish","type":"product","link":"https:\/\/bico.ee\/fi\/p\/bico-tesla-riipus-jossa-kumiset-o-renkaat-or4\/","title":{"rendered":"Bico &#8220;Tesla&#8221; riipus, jossa kumiset O renkaat (OR4)"},"content":{"rendered":"<p>Teollinen tunnelma ja heimojen tyylitaju k\u00e4ytt\u00e4m\u00e4ll\u00e4 kumisia O-renkaita uuden muotoilun lis\u00e4\u00e4miseksi. <BR><UL><LI>Nimi: Tesla <\/LI><LI>Merkitys: Eksentrinen viisaus Alkuper\u00e4inen <\/LI><LI> Bico -riipus, joka yhdist\u00e4\u00e4 kumielementit hapetettuun mattahopeiseen viimeistelyyn. <\/LI><LI> Bico tarjoaa valikoiman ketjuja, nahkanauhoja ja kuristimia t\u00e4ydent\u00e4\u00e4kseen sopivia riipuksia. Riipuksen leveys: 3 cm Pituus: 3,4 cm Silmukan halkaisija: 6,5 mm<\/p>","protected":false},"excerpt":{"rendered":"<p>OR4 825873047484<\/p>\n","protected":false},"featured_media":8153,"template":"","meta":[],"product_cat":[277,282],"product_tag":[],"_links":{"self":[{"href":"https:\/\/bico.ee\/fi\/wp-json\/wp\/v2\/product\/14020"}],"collection":[{"href":"https:\/\/bico.ee\/fi\/wp-json\/wp\/v2\/product"}],"about":[{"href":"https:\/\/bico.ee\/fi\/wp-json\/wp\/v2\/types\/product"}],"wp:featuredmedia":[{"embeddable":true,"href":"https:\/\/bico.ee\/fi\/wp-json\/wp\/v2\/media\/8153"}],"wp:attachment":[{"href":"https:\/\/bico.ee\/fi\/wp-json\/wp\/v2\/media?parent=14020"}],"wp:term":[{"taxonomy":"product_cat","embeddable":true,"href":"https:\/\/bico.ee\/fi\/wp-json\/wp\/v2\/product_cat?post=14020"},{"taxonomy":"product_tag","embeddable":true,"href":"https:\/\/bico.ee\/fi\/wp-json\/wp\/v2\/product_tag?post=14020"}],"curies":[{"name":"wp","href":"https:\/\/api.w.org\/{rel}","templated":true}]}}