{"id":14021,"date":"2026-04-10T18:43:55","date_gmt":"2026-04-10T18:43:55","guid":{"rendered":""},"modified":"2026-04-10T18:43:55","modified_gmt":"2026-04-10T18:43:55","slug":"bico-novitoro-ripats-kummist-o-rongastega-or5","status":"publish","type":"product","link":"https:\/\/bico.ee\/fi\/p\/bico-novitoro-riipus-jossa-kumiset-o-renkaat-or5\/","title":{"rendered":"Bico &#8220;Novitoro&#8221; riipus, jossa kumiset O renkaat (OR5)"},"content":{"rendered":"<p>Teollinen tunnelma ja heimojen tyylitaju k\u00e4ytt\u00e4m\u00e4ll\u00e4 kumisia O-renkaita uuden muotoilun lis\u00e4\u00e4miseksi. <BR><UL><LI>Nimi: Novitoro <\/LI><LI>Merkitys: tinkim\u00e4t\u00f6n Stalwart Alkuper\u00e4inen <\/LI><LI> Bico -riipus, joka yhdist\u00e4\u00e4 kumielementit hapetettuun mattahopeiseen viimeistelyyn. <\/LI><LI> Bico tarjoaa valikoiman ketjuja, nahkanauhoja ja kuristimia t\u00e4ydent\u00e4\u00e4kseen sopivia riipuksia. Riipuksen leveys: 2,4 cm Pituus: 2,5 cm Silmukan halkaisija: 6,5 mm<\/p>","protected":false},"excerpt":{"rendered":"<p>OR5 825873047514<\/p>\n","protected":false},"featured_media":8156,"template":"","meta":[],"product_cat":[277,282],"product_tag":[],"_links":{"self":[{"href":"https:\/\/bico.ee\/fi\/wp-json\/wp\/v2\/product\/14021"}],"collection":[{"href":"https:\/\/bico.ee\/fi\/wp-json\/wp\/v2\/product"}],"about":[{"href":"https:\/\/bico.ee\/fi\/wp-json\/wp\/v2\/types\/product"}],"wp:featuredmedia":[{"embeddable":true,"href":"https:\/\/bico.ee\/fi\/wp-json\/wp\/v2\/media\/8156"}],"wp:attachment":[{"href":"https:\/\/bico.ee\/fi\/wp-json\/wp\/v2\/media?parent=14021"}],"wp:term":[{"taxonomy":"product_cat","embeddable":true,"href":"https:\/\/bico.ee\/fi\/wp-json\/wp\/v2\/product_cat?post=14021"},{"taxonomy":"product_tag","embeddable":true,"href":"https:\/\/bico.ee\/fi\/wp-json\/wp\/v2\/product_tag?post=14021"}],"curies":[{"name":"wp","href":"https:\/\/api.w.org\/{rel}","templated":true}]}}