{"id":14026,"date":"2026-04-10T18:43:55","date_gmt":"2026-04-10T18:43:55","guid":{"rendered":""},"modified":"2026-04-10T18:43:55","modified_gmt":"2026-04-10T18:43:55","slug":"bico-celt-ristripats-bcr2","status":"publish","type":"product","link":"https:\/\/bico.ee\/fi\/p\/bico-celt-ristiriipus-bcr2\/","title":{"rendered":"Bico &#8220;Celt&#8221; ristiriipus (BCR2)"},"content":{"rendered":"<p>Suunnitteluvalikoima, joka tulkitsee yht\u00e4 maailman t\u00e4rkeimmist\u00e4 ja tehokkaimmista symboleista. <BR><UL><LI>Nimi: Keltta <\/LI><LI>Merkitys: Endurance And Tenacity <\/LI><LI> Bico tarjoaa valikoiman mattapintaisia \u200b\u200bketjuja ja nahkanauhoja ja kuristimia, jotka t\u00e4ydent\u00e4v\u00e4t t\u00e4t\u00e4 riipusta K\u00e4sin kiillotettu hopeoitu tina riipus ainutlaatuisella suojapinnoitteella. Riipuksen leveys: 3,3 cm Pituus: 4,4 cm Silmukan halkaisija: 6,5 mm<\/p>","protected":false},"excerpt":{"rendered":"<p>BCR2 825873024423<\/p>\n","protected":false},"featured_media":8171,"template":"","meta":[],"product_cat":[277,283],"product_tag":[],"_links":{"self":[{"href":"https:\/\/bico.ee\/fi\/wp-json\/wp\/v2\/product\/14026"}],"collection":[{"href":"https:\/\/bico.ee\/fi\/wp-json\/wp\/v2\/product"}],"about":[{"href":"https:\/\/bico.ee\/fi\/wp-json\/wp\/v2\/types\/product"}],"wp:featuredmedia":[{"embeddable":true,"href":"https:\/\/bico.ee\/fi\/wp-json\/wp\/v2\/media\/8171"}],"wp:attachment":[{"href":"https:\/\/bico.ee\/fi\/wp-json\/wp\/v2\/media?parent=14026"}],"wp:term":[{"taxonomy":"product_cat","embeddable":true,"href":"https:\/\/bico.ee\/fi\/wp-json\/wp\/v2\/product_cat?post=14026"},{"taxonomy":"product_tag","embeddable":true,"href":"https:\/\/bico.ee\/fi\/wp-json\/wp\/v2\/product_tag?post=14026"}],"curies":[{"name":"wp","href":"https:\/\/api.w.org\/{rel}","templated":true}]}}