{"id":14034,"date":"2026-04-10T18:43:55","date_gmt":"2026-04-10T18:43:55","guid":{"rendered":""},"modified":"2026-04-17T13:54:29","modified_gmt":"2026-04-17T10:54:29","slug":"bico-aariel-ristripats-bcr10","status":"publish","type":"product","link":"https:\/\/bico.ee\/fi\/p\/bico-aariel-ristiriipus-bcr10\/","title":{"rendered":"Bico &#8220;Aariel&#8221; ristiriipus (BCR10)"},"content":{"rendered":"<p>Suunnitteluvalikoima, joka tulkitsee yht\u00e4 maailman t\u00e4rkeimmist\u00e4 ja tehokkaimmista symboleista. <BR><UL><LI>Nimi: Aariel <\/LI><LI>Merkitys: Pelottomuutta <\/LI><LI> Bico tarjoaa valikoiman mattapintaisia \u200b\u200bketjuja ja nahkanauhoja ja kuristimia, jotka t\u00e4ydent\u00e4v\u00e4t t\u00e4t\u00e4 riipusta k\u00e4sin kiillotettua hopeapinnoitettua tina -riipusta ainutlaatuisella suojapinnoitteella. Riipuksen leveys: 3 cm Pituus: 4,5 cm Silmukan halkaisija: 6,5 mm<\/p>","protected":false},"excerpt":{"rendered":"<p>BCR10 825873032831<\/p>\n","protected":false},"featured_media":8191,"template":"","meta":[],"product_cat":[277,283],"product_tag":[],"_links":{"self":[{"href":"https:\/\/bico.ee\/fi\/wp-json\/wp\/v2\/product\/14034"}],"collection":[{"href":"https:\/\/bico.ee\/fi\/wp-json\/wp\/v2\/product"}],"about":[{"href":"https:\/\/bico.ee\/fi\/wp-json\/wp\/v2\/types\/product"}],"wp:featuredmedia":[{"embeddable":true,"href":"https:\/\/bico.ee\/fi\/wp-json\/wp\/v2\/media\/8191"}],"wp:attachment":[{"href":"https:\/\/bico.ee\/fi\/wp-json\/wp\/v2\/media?parent=14034"}],"wp:term":[{"taxonomy":"product_cat","embeddable":true,"href":"https:\/\/bico.ee\/fi\/wp-json\/wp\/v2\/product_cat?post=14034"},{"taxonomy":"product_tag","embeddable":true,"href":"https:\/\/bico.ee\/fi\/wp-json\/wp\/v2\/product_tag?post=14034"}],"curies":[{"name":"wp","href":"https:\/\/api.w.org\/{rel}","templated":true}]}}