{"id":14036,"date":"2026-04-10T18:43:55","date_gmt":"2026-04-10T18:43:55","guid":{"rendered":""},"modified":"2026-04-10T18:43:55","modified_gmt":"2026-04-10T18:43:55","slug":"bico-benedictuse-ristripats-bcr12","status":"publish","type":"product","link":"https:\/\/bico.ee\/fi\/p\/bico-benedict-ristiriipus-bcr12\/","title":{"rendered":"Bico &#8220;Benedict&#8221; ristiriipus (BCR12)"},"content":{"rendered":"<p>Suunnitteluvalikoima, joka tulkitsee yht\u00e4 maailman t\u00e4rkeimmist\u00e4 ja tehokkaimmista symboleista. <BR><UL><LI>Nimi: Benedictus <\/LI><LI>Merkitys: Nopeat p\u00e4\u00e4t\u00f6kset <\/LI><LI> Bico tarjoaa valikoiman mattapintaisia \u200b\u200bketjuja ja nahkanauhoja ja kuristimia, jotka t\u00e4ydent\u00e4v\u00e4t t\u00e4t\u00e4 riipusta k\u00e4sin kiillotettua hopeapinnoitettua tina -riipusta ainutlaatuisella suojapinnoitteella. Riipuksen leveys: 2,6 cm Pituus: 4,3 cm Silmukan halkaisija: 6,5 mm<\/p>","protected":false},"excerpt":{"rendered":"<p>BCR12 825873032855<\/p>\n","protected":false},"featured_media":8197,"template":"","meta":[],"product_cat":[277,283],"product_tag":[],"_links":{"self":[{"href":"https:\/\/bico.ee\/fi\/wp-json\/wp\/v2\/product\/14036"}],"collection":[{"href":"https:\/\/bico.ee\/fi\/wp-json\/wp\/v2\/product"}],"about":[{"href":"https:\/\/bico.ee\/fi\/wp-json\/wp\/v2\/types\/product"}],"wp:featuredmedia":[{"embeddable":true,"href":"https:\/\/bico.ee\/fi\/wp-json\/wp\/v2\/media\/8197"}],"wp:attachment":[{"href":"https:\/\/bico.ee\/fi\/wp-json\/wp\/v2\/media?parent=14036"}],"wp:term":[{"taxonomy":"product_cat","embeddable":true,"href":"https:\/\/bico.ee\/fi\/wp-json\/wp\/v2\/product_cat?post=14036"},{"taxonomy":"product_tag","embeddable":true,"href":"https:\/\/bico.ee\/fi\/wp-json\/wp\/v2\/product_tag?post=14036"}],"curies":[{"name":"wp","href":"https:\/\/api.w.org\/{rel}","templated":true}]}}