{"id":14083,"date":"2026-04-10T18:43:55","date_gmt":"2026-04-10T18:43:55","guid":{"rendered":""},"modified":"2026-04-10T18:43:55","modified_gmt":"2026-04-10T18:43:55","slug":"bico-courageous-cross-koerte-silt-susinikkiuga-nc11","status":"publish","type":"product","link":"https:\/\/bico.ee\/fi\/p\/bico-courageous-cross-koiratunniste-hiilikuitulla-nc11\/","title":{"rendered":"Bico &#8220;Courageous Cross&#8221;  koiratunniste hiilikuitulla (NC11)"},"content":{"rendered":"<p>Hiilikuitu on teknologisen eliitin symboli ja visuaalisesti upea materiaali. <BR><UL><LI>Nimi: Rohkea risti <\/LI><LI>Merkitys: Luottamus siirty\u00e4 eteenp\u00e4in <\/LI><LI> Bico tarjoaa valikoiman mattapintaisia \u200b\u200bketjuja ja nahkanauhoja ja kuristimia, jotka t\u00e4ydent\u00e4v\u00e4t t\u00e4t\u00e4 riipusta K\u00e4sin kiillotettu hopeapinnoitettu tina -riipus hiilikuituosilla. Riipuksen leveys: 2,5 cm Pituus: 4,1 cm Silmukan halkaisija: 6,5 mm<\/p>","protected":false},"excerpt":{"rendered":"<p>NC11 825873052570<\/p>\n","protected":false},"featured_media":8274,"template":"","meta":[],"product_cat":[277,286],"product_tag":[],"_links":{"self":[{"href":"https:\/\/bico.ee\/fi\/wp-json\/wp\/v2\/product\/14083"}],"collection":[{"href":"https:\/\/bico.ee\/fi\/wp-json\/wp\/v2\/product"}],"about":[{"href":"https:\/\/bico.ee\/fi\/wp-json\/wp\/v2\/types\/product"}],"wp:featuredmedia":[{"embeddable":true,"href":"https:\/\/bico.ee\/fi\/wp-json\/wp\/v2\/media\/8274"}],"wp:attachment":[{"href":"https:\/\/bico.ee\/fi\/wp-json\/wp\/v2\/media?parent=14083"}],"wp:term":[{"taxonomy":"product_cat","embeddable":true,"href":"https:\/\/bico.ee\/fi\/wp-json\/wp\/v2\/product_cat?post=14083"},{"taxonomy":"product_tag","embeddable":true,"href":"https:\/\/bico.ee\/fi\/wp-json\/wp\/v2\/product_tag?post=14083"}],"curies":[{"name":"wp","href":"https:\/\/api.w.org\/{rel}","templated":true}]}}