{"id":14084,"date":"2026-04-10T18:43:55","date_gmt":"2026-04-10T18:43:55","guid":{"rendered":""},"modified":"2026-04-10T18:43:55","modified_gmt":"2026-04-10T18:43:55","slug":"bico-striker-carbon-susinikkiuga-koerte-silt-nc12","status":"publish","type":"product","link":"https:\/\/bico.ee\/fi\/p\/bico-striker-carbon-koiratunniste-hiilikuidulla-nc12\/","title":{"rendered":"Bico &#8220;Striker Carbon&#8221; koiratunniste hiilikuidulla (NC12)"},"content":{"rendered":"<p>Hiilikuitu on teknologisen eliitin symboli ja visuaalisesti upea materiaali. <BR><UL><LI>Nimi: Hy\u00f6kk\u00e4\u00e4j\u00e4 <\/LI><LI>Merkitys: Valmis toimimaan, sukella siihen Riipuksen leveys: 2,4 cm Pituus: 4,1 cm Silmukan halkaisija: 6,5 mm<\/p>","protected":false},"excerpt":{"rendered":"<p>NC12 825873052600<\/p>\n","protected":false},"featured_media":8277,"template":"","meta":[],"product_cat":[277,286],"product_tag":[],"_links":{"self":[{"href":"https:\/\/bico.ee\/fi\/wp-json\/wp\/v2\/product\/14084"}],"collection":[{"href":"https:\/\/bico.ee\/fi\/wp-json\/wp\/v2\/product"}],"about":[{"href":"https:\/\/bico.ee\/fi\/wp-json\/wp\/v2\/types\/product"}],"wp:featuredmedia":[{"embeddable":true,"href":"https:\/\/bico.ee\/fi\/wp-json\/wp\/v2\/media\/8277"}],"wp:attachment":[{"href":"https:\/\/bico.ee\/fi\/wp-json\/wp\/v2\/media?parent=14084"}],"wp:term":[{"taxonomy":"product_cat","embeddable":true,"href":"https:\/\/bico.ee\/fi\/wp-json\/wp\/v2\/product_cat?post=14084"},{"taxonomy":"product_tag","embeddable":true,"href":"https:\/\/bico.ee\/fi\/wp-json\/wp\/v2\/product_tag?post=14084"}],"curies":[{"name":"wp","href":"https:\/\/api.w.org\/{rel}","templated":true}]}}