{"id":14089,"date":"2026-04-10T18:43:55","date_gmt":"2026-04-10T18:43:55","guid":{"rendered":""},"modified":"2026-04-10T18:43:55","modified_gmt":"2026-04-10T18:43:55","slug":"bico-world-soul-koera-sildi-hoimuliip-dt21","status":"publish","type":"product","link":"https:\/\/bico.ee\/fi\/p\/bico-world-soul-dog-tag-tribal-riipus-dt21\/","title":{"rendered":"Bico &#8220;World Soul&#8221; Dog Tag Tribal Riipus (DT21)"},"content":{"rendered":"<p>Ikoninen muoto heimojen maulla. <BR><UL><LI>Nimi: World Soul <\/LI><LI>Merkitys: Connected to the Soul Collective <\/LI><LI> Bico tarjoaa valikoiman mattapintaisia \u200b\u200bketjuja ja nahkanauhoja ja kuristimia, jotka t\u00e4ydent\u00e4v\u00e4t t\u00e4t\u00e4 riippuvalaisinta k\u00e4sin kiillotettua hopeoitua koiranlapun riipusta vapaasti liikkuvilla silmukoilla. Riipuksen leveys: 2,5 cm Pituus: 4,1 cm Silmukan halkaisija: 6 mm<\/p>","protected":false},"excerpt":{"rendered":"<p>DT21 825873052693<\/p>\n","protected":false},"featured_media":8292,"template":"","meta":[],"product_cat":[277,287],"product_tag":[],"_links":{"self":[{"href":"https:\/\/bico.ee\/fi\/wp-json\/wp\/v2\/product\/14089"}],"collection":[{"href":"https:\/\/bico.ee\/fi\/wp-json\/wp\/v2\/product"}],"about":[{"href":"https:\/\/bico.ee\/fi\/wp-json\/wp\/v2\/types\/product"}],"wp:featuredmedia":[{"embeddable":true,"href":"https:\/\/bico.ee\/fi\/wp-json\/wp\/v2\/media\/8292"}],"wp:attachment":[{"href":"https:\/\/bico.ee\/fi\/wp-json\/wp\/v2\/media?parent=14089"}],"wp:term":[{"taxonomy":"product_cat","embeddable":true,"href":"https:\/\/bico.ee\/fi\/wp-json\/wp\/v2\/product_cat?post=14089"},{"taxonomy":"product_tag","embeddable":true,"href":"https:\/\/bico.ee\/fi\/wp-json\/wp\/v2\/product_tag?post=14089"}],"curies":[{"name":"wp","href":"https:\/\/api.w.org\/{rel}","templated":true}]}}