{"id":14090,"date":"2026-04-10T18:43:55","date_gmt":"2026-04-10T18:43:55","guid":{"rendered":""},"modified":"2026-04-10T18:43:55","modified_gmt":"2026-04-10T18:43:55","slug":"bico-magik-koerte-siltide-hoimuliip-dt22","status":"publish","type":"product","link":"https:\/\/bico.ee\/fi\/p\/bico-magik-dog-tag-cross-tribal-riipus-dt22\/","title":{"rendered":"Bico &#8220;Magik&#8221; Dog Tag Cross Tribal riipus (DT22)"},"content":{"rendered":"<p>Ikoninen muoto heimojen maulla. <BR><UL><LI>Nimi: Magik <\/LI><LI>Merkitys: Transcend The Reality <\/LI><LI> Bico tarjoaa valikoiman mattapintaisia \u200b\u200bketjuja ja nahkanauhoja ja kuristimia, jotka t\u00e4ydent\u00e4v\u00e4t t\u00e4t\u00e4 riipusta K\u00e4sin kiillotetut hopeapinnoitetut koiranlapun riipukset, joissa on vapaasti liikkuvat silmukat. Riipuksen leveys: 2,5 cm Pituus: 4,1 cm Silmukan halkaisija: 6 mm<\/p>","protected":false},"excerpt":{"rendered":"<p>DT22 825873052723<\/p>\n","protected":false},"featured_media":8295,"template":"","meta":[],"product_cat":[277,287],"product_tag":[],"_links":{"self":[{"href":"https:\/\/bico.ee\/fi\/wp-json\/wp\/v2\/product\/14090"}],"collection":[{"href":"https:\/\/bico.ee\/fi\/wp-json\/wp\/v2\/product"}],"about":[{"href":"https:\/\/bico.ee\/fi\/wp-json\/wp\/v2\/types\/product"}],"wp:featuredmedia":[{"embeddable":true,"href":"https:\/\/bico.ee\/fi\/wp-json\/wp\/v2\/media\/8295"}],"wp:attachment":[{"href":"https:\/\/bico.ee\/fi\/wp-json\/wp\/v2\/media?parent=14090"}],"wp:term":[{"taxonomy":"product_cat","embeddable":true,"href":"https:\/\/bico.ee\/fi\/wp-json\/wp\/v2\/product_cat?post=14090"},{"taxonomy":"product_tag","embeddable":true,"href":"https:\/\/bico.ee\/fi\/wp-json\/wp\/v2\/product_tag?post=14090"}],"curies":[{"name":"wp","href":"https:\/\/api.w.org\/{rel}","templated":true}]}}