{"id":14092,"date":"2026-04-10T18:43:55","date_gmt":"2026-04-10T18:43:55","guid":{"rendered":""},"modified":"2026-04-10T18:43:55","modified_gmt":"2026-04-10T18:43:55","slug":"bico-bedwang-koerte-sildi-hoimuliip-dt24","status":"publish","type":"product","link":"https:\/\/bico.ee\/fi\/p\/bico-bedwang-dog-tag-tribal-riipus-dt24\/","title":{"rendered":"Bico &#8220;Bedwang&#8221; Dog Tag Tribal Riipus (DT24)"},"content":{"rendered":"<p>Ikoninen muoto heimojen maulla. <BR><UL><LI>Nimi: Bedwang <\/LI><LI>Merkitys: Legacy Of The Ocean <\/LI><LI> Bico tarjoaa valikoiman mattapintaisia \u200b\u200bketjuja ja nahkanauhoja ja kuristimia, jotka t\u00e4ydent\u00e4v\u00e4t t\u00e4t\u00e4 riipusta K\u00e4sin kiillotetut hopeapinnoitetut koiranlapun riipukset, joissa on vapaasti liikkuvat silmukat. Riipuksen leveys: 2,5 cm Pituus: 4,1 cm Silmukan halkaisija: 6 mm<\/p>","protected":false},"excerpt":{"rendered":"<p>DT24 825873052785<\/p>\n","protected":false},"featured_media":8301,"template":"","meta":[],"product_cat":[277,287],"product_tag":[],"_links":{"self":[{"href":"https:\/\/bico.ee\/fi\/wp-json\/wp\/v2\/product\/14092"}],"collection":[{"href":"https:\/\/bico.ee\/fi\/wp-json\/wp\/v2\/product"}],"about":[{"href":"https:\/\/bico.ee\/fi\/wp-json\/wp\/v2\/types\/product"}],"wp:featuredmedia":[{"embeddable":true,"href":"https:\/\/bico.ee\/fi\/wp-json\/wp\/v2\/media\/8301"}],"wp:attachment":[{"href":"https:\/\/bico.ee\/fi\/wp-json\/wp\/v2\/media?parent=14092"}],"wp:term":[{"taxonomy":"product_cat","embeddable":true,"href":"https:\/\/bico.ee\/fi\/wp-json\/wp\/v2\/product_cat?post=14092"},{"taxonomy":"product_tag","embeddable":true,"href":"https:\/\/bico.ee\/fi\/wp-json\/wp\/v2\/product_tag?post=14092"}],"curies":[{"name":"wp","href":"https:\/\/api.w.org\/{rel}","templated":true}]}}