{"id":14095,"date":"2026-04-10T18:43:55","date_gmt":"2026-04-10T18:43:55","guid":{"rendered":""},"modified":"2026-04-10T18:43:55","modified_gmt":"2026-04-10T18:43:55","slug":"bico-troika-ripats-reguleeritava-nahkjuhtmega-co1","status":"publish","type":"product","link":"https:\/\/bico.ee\/fi\/p\/bico-troika-riipus-saadettavalla-nahkanauhalla-co1\/","title":{"rendered":"Bico &#8220;Troika&#8221; riipus s\u00e4\u00e4dett\u00e4v\u00e4ll\u00e4 nahkanauhalla (CO1)"},"content":{"rendered":"<p>Nestem\u00e4inen ja tehokas muotoilu hienolla nahalla s\u00e4\u00e4dett\u00e4v\u00e4ll\u00e4 johdolla. <BR><UL><LI>Nimi: troikka <\/LI><LI>Merkitys: Viisautta ennen miekkaa Jokaisessa CO -riipuksessa on s\u00e4\u00e4dett\u00e4v\u00e4 2,5 mm: n nahkainen nauha takana. Riipuksen leveys: 2,8 cm Pituus: 3 cm<\/p>","protected":false},"excerpt":{"rendered":"<p>CO1 825873033173<\/p>\n","protected":false},"featured_media":8310,"template":"","meta":[],"product_cat":[169],"product_tag":[],"_links":{"self":[{"href":"https:\/\/bico.ee\/fi\/wp-json\/wp\/v2\/product\/14095"}],"collection":[{"href":"https:\/\/bico.ee\/fi\/wp-json\/wp\/v2\/product"}],"about":[{"href":"https:\/\/bico.ee\/fi\/wp-json\/wp\/v2\/types\/product"}],"wp:featuredmedia":[{"embeddable":true,"href":"https:\/\/bico.ee\/fi\/wp-json\/wp\/v2\/media\/8310"}],"wp:attachment":[{"href":"https:\/\/bico.ee\/fi\/wp-json\/wp\/v2\/media?parent=14095"}],"wp:term":[{"taxonomy":"product_cat","embeddable":true,"href":"https:\/\/bico.ee\/fi\/wp-json\/wp\/v2\/product_cat?post=14095"},{"taxonomy":"product_tag","embeddable":true,"href":"https:\/\/bico.ee\/fi\/wp-json\/wp\/v2\/product_tag?post=14095"}],"curies":[{"name":"wp","href":"https:\/\/api.w.org\/{rel}","templated":true}]}}