{"id":14096,"date":"2026-04-10T18:43:55","date_gmt":"2026-04-10T18:43:55","guid":{"rendered":""},"modified":"2026-04-10T18:43:55","modified_gmt":"2026-04-10T18:43:55","slug":"bico-watcheri-ripats-reguleeritava-nahkjuhtmega-co3","status":"publish","type":"product","link":"https:\/\/bico.ee\/fi\/p\/bico-watcheri-riipus-saadettavalla-nahkanauhalla-co3\/","title":{"rendered":"Bico &#8220;Watcheri&#8221; riipus s\u00e4\u00e4dett\u00e4v\u00e4ll\u00e4 nahkanauhalla (CO3)"},"content":{"rendered":"<p>Nestem\u00e4inen ja tehokas muotoilu hienolla nahalla s\u00e4\u00e4dett\u00e4v\u00e4ll\u00e4 johdolla. <BR><UL><LI>Nimi: Ronin <\/LI><LI>Merkitys: Mestariton, mutta kunniallinen Jokainen CO -riipus toimitetaan s\u00e4\u00e4dett\u00e4v\u00e4ll\u00e4 2,5 mm: n nahkaisella nauhapituudella. Riipuksen leveys: 2,6 cm Pituus: 2,9 cm<\/p>","protected":false},"excerpt":{"rendered":"<p>CO3 825873033197<\/p>\n","protected":false},"featured_media":8314,"template":"","meta":[],"product_cat":[169],"product_tag":[],"_links":{"self":[{"href":"https:\/\/bico.ee\/fi\/wp-json\/wp\/v2\/product\/14096"}],"collection":[{"href":"https:\/\/bico.ee\/fi\/wp-json\/wp\/v2\/product"}],"about":[{"href":"https:\/\/bico.ee\/fi\/wp-json\/wp\/v2\/types\/product"}],"wp:featuredmedia":[{"embeddable":true,"href":"https:\/\/bico.ee\/fi\/wp-json\/wp\/v2\/media\/8314"}],"wp:attachment":[{"href":"https:\/\/bico.ee\/fi\/wp-json\/wp\/v2\/media?parent=14096"}],"wp:term":[{"taxonomy":"product_cat","embeddable":true,"href":"https:\/\/bico.ee\/fi\/wp-json\/wp\/v2\/product_cat?post=14096"},{"taxonomy":"product_tag","embeddable":true,"href":"https:\/\/bico.ee\/fi\/wp-json\/wp\/v2\/product_tag?post=14096"}],"curies":[{"name":"wp","href":"https:\/\/api.w.org\/{rel}","templated":true}]}}