{"id":14097,"date":"2026-04-10T18:43:55","date_gmt":"2026-04-10T18:43:55","guid":{"rendered":""},"modified":"2026-04-10T18:43:55","modified_gmt":"2026-04-10T18:43:55","slug":"bico-senshi-ripats-reguleeritava-nahkjuhtmega-co4","status":"publish","type":"product","link":"https:\/\/bico.ee\/fi\/p\/bico-senshi-riipus-saadettavalla-nahkanauhalla-co4\/","title":{"rendered":"Bico &#8220;Senshi&#8221; riipus s\u00e4\u00e4dett\u00e4v\u00e4ll\u00e4 nahkanauhalla (CO4)"},"content":{"rendered":"<p>Nestem\u00e4inen ja tehokas muotoilu hienolla nahalla s\u00e4\u00e4dett\u00e4v\u00e4ll\u00e4 johdolla. <BR><UL><LI>Nimi: Senshi <\/LI><LI>Merkitys: Sotilas ja uhri Jokaisessa CO -riipuksessa on s\u00e4\u00e4dett\u00e4v\u00e4 2,5 mm: n nahkainen nauha takana. Riipuksen leveys: 2,4 cm Pituus: 3,1 cm<\/p>","protected":false},"excerpt":{"rendered":"<p>CO4 825873033203<\/p>\n","protected":false},"featured_media":8318,"template":"","meta":[],"product_cat":[169],"product_tag":[],"_links":{"self":[{"href":"https:\/\/bico.ee\/fi\/wp-json\/wp\/v2\/product\/14097"}],"collection":[{"href":"https:\/\/bico.ee\/fi\/wp-json\/wp\/v2\/product"}],"about":[{"href":"https:\/\/bico.ee\/fi\/wp-json\/wp\/v2\/types\/product"}],"wp:featuredmedia":[{"embeddable":true,"href":"https:\/\/bico.ee\/fi\/wp-json\/wp\/v2\/media\/8318"}],"wp:attachment":[{"href":"https:\/\/bico.ee\/fi\/wp-json\/wp\/v2\/media?parent=14097"}],"wp:term":[{"taxonomy":"product_cat","embeddable":true,"href":"https:\/\/bico.ee\/fi\/wp-json\/wp\/v2\/product_cat?post=14097"},{"taxonomy":"product_tag","embeddable":true,"href":"https:\/\/bico.ee\/fi\/wp-json\/wp\/v2\/product_tag?post=14097"}],"curies":[{"name":"wp","href":"https:\/\/api.w.org\/{rel}","templated":true}]}}