{"id":14100,"date":"2026-04-10T18:43:55","date_gmt":"2026-04-10T18:43:55","guid":{"rendered":""},"modified":"2026-04-10T18:43:55","modified_gmt":"2026-04-10T18:43:55","slug":"bico-behrouz-ripats-reguleeritava-nahkjuhtmega-co11","status":"publish","type":"product","link":"https:\/\/bico.ee\/fi\/p\/bico-behrouz-riipus-saadettavalla-nahkanauhalla-co11\/","title":{"rendered":"Bico &#8220;Behrouz&#8221; riipus s\u00e4\u00e4dett\u00e4v\u00e4ll\u00e4 nahkanauhalla (CO11)"},"content":{"rendered":"<p>Nestem\u00e4inen ja tehokas muotoilu hienolla nahalla s\u00e4\u00e4dett\u00e4v\u00e4ll\u00e4 johdolla. <BR><UL><LI>Nimi: Behrouz <\/LI><LI>Merkitys: Vieh\u00e4tt\u00e4v\u00e4 ja onnekas Jokaisen CO -riipuksen mukana tulee s\u00e4\u00e4dett\u00e4v\u00e4 2,5 mm: n nahkainen nauha. Riipuksen leveys: 2,5 cm Pituus: 3,2 cm<\/p>","protected":false},"excerpt":{"rendered":"<p>CO11 825873033913<\/p>\n","protected":false},"featured_media":8330,"template":"","meta":[],"product_cat":[169],"product_tag":[],"_links":{"self":[{"href":"https:\/\/bico.ee\/fi\/wp-json\/wp\/v2\/product\/14100"}],"collection":[{"href":"https:\/\/bico.ee\/fi\/wp-json\/wp\/v2\/product"}],"about":[{"href":"https:\/\/bico.ee\/fi\/wp-json\/wp\/v2\/types\/product"}],"wp:featuredmedia":[{"embeddable":true,"href":"https:\/\/bico.ee\/fi\/wp-json\/wp\/v2\/media\/8330"}],"wp:attachment":[{"href":"https:\/\/bico.ee\/fi\/wp-json\/wp\/v2\/media?parent=14100"}],"wp:term":[{"taxonomy":"product_cat","embeddable":true,"href":"https:\/\/bico.ee\/fi\/wp-json\/wp\/v2\/product_cat?post=14100"},{"taxonomy":"product_tag","embeddable":true,"href":"https:\/\/bico.ee\/fi\/wp-json\/wp\/v2\/product_tag?post=14100"}],"curies":[{"name":"wp","href":"https:\/\/api.w.org\/{rel}","templated":true}]}}