{"id":14101,"date":"2026-04-10T18:43:55","date_gmt":"2026-04-10T18:43:55","guid":{"rendered":""},"modified":"2026-04-10T18:43:55","modified_gmt":"2026-04-10T18:43:55","slug":"bico-akieal-ripats-reguleeritava-nahkjuhtmega-co12","status":"publish","type":"product","link":"https:\/\/bico.ee\/fi\/p\/bico-akieal-riipus-saadettavalla-nahkanauhalla-co12\/","title":{"rendered":"Bico &#8220;Akieal&#8221; riipus s\u00e4\u00e4dett\u00e4v\u00e4ll\u00e4 nahkanauhalla (CO12)"},"content":{"rendered":"<p>Nestem\u00e4inen ja tehokas muotoilu hienolla nahalla s\u00e4\u00e4dett\u00e4v\u00e4ll\u00e4 johdolla. <BR><UL><LI>Nimi: Akieal <\/LI><LI>Merkitys: Oivaltavuus Ymm\u00e4rt\u00e4minen Jokaisessa CO -riipuksessa on s\u00e4\u00e4dett\u00e4v\u00e4 2,5 mm: n nahkainen nauha takana. Riipuksen leveys: 2 cm Pituus: 3,8 cm<\/p>","protected":false},"excerpt":{"rendered":"<p>CO12 825873033920<\/p>\n","protected":false},"featured_media":8334,"template":"","meta":[],"product_cat":[169],"product_tag":[],"_links":{"self":[{"href":"https:\/\/bico.ee\/fi\/wp-json\/wp\/v2\/product\/14101"}],"collection":[{"href":"https:\/\/bico.ee\/fi\/wp-json\/wp\/v2\/product"}],"about":[{"href":"https:\/\/bico.ee\/fi\/wp-json\/wp\/v2\/types\/product"}],"wp:featuredmedia":[{"embeddable":true,"href":"https:\/\/bico.ee\/fi\/wp-json\/wp\/v2\/media\/8334"}],"wp:attachment":[{"href":"https:\/\/bico.ee\/fi\/wp-json\/wp\/v2\/media?parent=14101"}],"wp:term":[{"taxonomy":"product_cat","embeddable":true,"href":"https:\/\/bico.ee\/fi\/wp-json\/wp\/v2\/product_cat?post=14101"},{"taxonomy":"product_tag","embeddable":true,"href":"https:\/\/bico.ee\/fi\/wp-json\/wp\/v2\/product_tag?post=14101"}],"curies":[{"name":"wp","href":"https:\/\/api.w.org\/{rel}","templated":true}]}}