{"id":14102,"date":"2026-04-10T18:43:55","date_gmt":"2026-04-10T18:43:55","guid":{"rendered":""},"modified":"2026-04-10T18:43:55","modified_gmt":"2026-04-10T18:43:55","slug":"bico-fossil-ripats-reguleeritava-nahkjuhtmega-co13","status":"publish","type":"product","link":"https:\/\/bico.ee\/fi\/p\/bico-fossil-riipus-saadettavalla-nahkanauhalla-co13\/","title":{"rendered":"Bico &#8220;Fossil&#8221; riipus s\u00e4\u00e4dett\u00e4v\u00e4ll\u00e4 nahkanauhalla (CO13)"},"content":{"rendered":"<p>Nestem\u00e4inen ja tehokas muotoilu hienolla nahalla s\u00e4\u00e4dett\u00e4v\u00e4ll\u00e4 johdolla. <BR><UL><LI>Nimi: Fossiilinen <\/LI><LI>Merkitys: Ik\u00e4 ja syy, jalo Jokaisessa CO -riipuksessa on s\u00e4\u00e4dett\u00e4v\u00e4 2,5 mm: n nahkainen nauha takana. Riipuksen leveys: 2,6 cm Pituus: 3,2 cm<\/p>","protected":false},"excerpt":{"rendered":"<p>CO13 825873033937<\/p>\n","protected":false},"featured_media":8338,"template":"","meta":[],"product_cat":[169],"product_tag":[],"_links":{"self":[{"href":"https:\/\/bico.ee\/fi\/wp-json\/wp\/v2\/product\/14102"}],"collection":[{"href":"https:\/\/bico.ee\/fi\/wp-json\/wp\/v2\/product"}],"about":[{"href":"https:\/\/bico.ee\/fi\/wp-json\/wp\/v2\/types\/product"}],"wp:featuredmedia":[{"embeddable":true,"href":"https:\/\/bico.ee\/fi\/wp-json\/wp\/v2\/media\/8338"}],"wp:attachment":[{"href":"https:\/\/bico.ee\/fi\/wp-json\/wp\/v2\/media?parent=14102"}],"wp:term":[{"taxonomy":"product_cat","embeddable":true,"href":"https:\/\/bico.ee\/fi\/wp-json\/wp\/v2\/product_cat?post=14102"},{"taxonomy":"product_tag","embeddable":true,"href":"https:\/\/bico.ee\/fi\/wp-json\/wp\/v2\/product_tag?post=14102"}],"curies":[{"name":"wp","href":"https:\/\/api.w.org\/{rel}","templated":true}]}}