{"id":14104,"date":"2026-04-10T18:43:55","date_gmt":"2026-04-10T18:43:55","guid":{"rendered":""},"modified":"2026-04-10T18:43:55","modified_gmt":"2026-04-10T18:43:55","slug":"bico-trikoru-maoori-stiilis-hoimuripats-mis-on-solmitud-kasitsi-kootud-nooriga-sr1","status":"publish","type":"product","link":"https:\/\/bico.ee\/fi\/p\/bico-trikoru-maori-tyylinen-heimo-riipus-solmittu-kasin-kudottuun-johtoon-sr1\/","title":{"rendered":"Bico &#8220;Trikoru&#8221; maori tyylinen heimo riipus solmittu k\u00e4sin kudottuun johtoon (SR1)"},"content":{"rendered":"<p>Tyynenmeren kulttuurien innoittamana kokoelma malleja, jotka on integroitu k\u00e4sin kudotulla ja k\u00e4sinsolmitulla vanhalla perinteisell\u00e4 tyylill\u00e4. <BR><UL><LI>Nimi: Trikoru <\/LI><LI>Merkitys: Uusi el\u00e4m\u00e4, rauha ja rauha Jokaisessa SR-riipuksessa on 54 cm k\u00e4sin kudottu puuvillalanka, k\u00e4sin kiillotettu hopea tai musta viimeistelty tina-riipus, jossa on ainutlaatuinen suojapinnoite. Riipuksen leveys: 3,2 cm Pituus: 3,2 cm<\/p>","protected":false},"excerpt":{"rendered":"<p>SR1 825873060148<\/p>\n","protected":false},"featured_media":8346,"template":"","meta":[],"product_cat":[169],"product_tag":[],"_links":{"self":[{"href":"https:\/\/bico.ee\/fi\/wp-json\/wp\/v2\/product\/14104"}],"collection":[{"href":"https:\/\/bico.ee\/fi\/wp-json\/wp\/v2\/product"}],"about":[{"href":"https:\/\/bico.ee\/fi\/wp-json\/wp\/v2\/types\/product"}],"wp:featuredmedia":[{"embeddable":true,"href":"https:\/\/bico.ee\/fi\/wp-json\/wp\/v2\/media\/8346"}],"wp:attachment":[{"href":"https:\/\/bico.ee\/fi\/wp-json\/wp\/v2\/media?parent=14104"}],"wp:term":[{"taxonomy":"product_cat","embeddable":true,"href":"https:\/\/bico.ee\/fi\/wp-json\/wp\/v2\/product_cat?post=14104"},{"taxonomy":"product_tag","embeddable":true,"href":"https:\/\/bico.ee\/fi\/wp-json\/wp\/v2\/product_tag?post=14104"}],"curies":[{"name":"wp","href":"https:\/\/api.w.org\/{rel}","templated":true}]}}