{"id":14105,"date":"2026-04-10T18:43:55","date_gmt":"2026-04-10T18:43:55","guid":{"rendered":""},"modified":"2026-04-10T18:43:55","modified_gmt":"2026-04-10T18:43:55","slug":"bico-umbritsev-sonajalg-maoori-stiilis-hoimuripats-mis-on-solmitud-kasitsi-kootud-nooriga-sr4","status":"publish","type":"product","link":"https:\/\/bico.ee\/fi\/p\/bico-ymparoiva-saniainen-maorityyppinen-heimo-riipus-solmittu-kasin-kudottuun-johtoon-sr4\/","title":{"rendered":"Bico &#8220;Ymp\u00e4r\u00f6iv\u00e4 saniainen&#8221; maorityyppinen heimo riipus solmittu k\u00e4sin kudottuun johtoon (SR4)"},"content":{"rendered":"<p>Tyynenmeren kulttuurien innoittamana kokoelma malleja, jotka on integroitu k\u00e4sin kudotulla ja k\u00e4sinsolmitulla vanhalla perinteisell\u00e4 tyylill\u00e4. <BR><UL><LI>Nimi: Sis\u00e4lt\u00e4\u00e4 saniaista <\/LI><LI>Merkitys: Valvottu ja ohjattu l\u00e4pi el\u00e4m\u00e4n Jokaisen SR-riipuksen mukana tulee 54 cm: n k\u00e4sin kudottu puuvillalanka. Riipuksen leveys: 2,7 cm Pituus: 4,4 cm<\/p>","protected":false},"excerpt":{"rendered":"<p>SR4 825873060179<\/p>\n","protected":false},"featured_media":8350,"template":"","meta":[],"product_cat":[169],"product_tag":[],"_links":{"self":[{"href":"https:\/\/bico.ee\/fi\/wp-json\/wp\/v2\/product\/14105"}],"collection":[{"href":"https:\/\/bico.ee\/fi\/wp-json\/wp\/v2\/product"}],"about":[{"href":"https:\/\/bico.ee\/fi\/wp-json\/wp\/v2\/types\/product"}],"wp:featuredmedia":[{"embeddable":true,"href":"https:\/\/bico.ee\/fi\/wp-json\/wp\/v2\/media\/8350"}],"wp:attachment":[{"href":"https:\/\/bico.ee\/fi\/wp-json\/wp\/v2\/media?parent=14105"}],"wp:term":[{"taxonomy":"product_cat","embeddable":true,"href":"https:\/\/bico.ee\/fi\/wp-json\/wp\/v2\/product_cat?post=14105"},{"taxonomy":"product_tag","embeddable":true,"href":"https:\/\/bico.ee\/fi\/wp-json\/wp\/v2\/product_tag?post=14105"}],"curies":[{"name":"wp","href":"https:\/\/api.w.org\/{rel}","templated":true}]}}