{"id":14106,"date":"2026-04-10T18:43:55","date_gmt":"2026-04-10T18:43:55","guid":{"rendered":""},"modified":"2026-04-10T18:43:55","modified_gmt":"2026-04-10T18:43:55","slug":"bico-laka-voyager-maoori-stiilis-hoimuripats-mis-on-solmitud-kasitsi-kootud-nooriga-sr5","status":"publish","type":"product","link":"https:\/\/bico.ee\/fi\/p\/bico-laka-voyager-maorityyppinen-heimo-riipus-solmittu-kasin-kudottuun-johtoon-sr5\/","title":{"rendered":"Bico &#8220;Laka Voyager&#8221; maorityyppinen heimo riipus solmittu k\u00e4sin kudottuun johtoon (SR5)"},"content":{"rendered":"<p>Tyynenmeren kulttuurien innoittamana kokoelma malleja, jotka on integroitu k\u00e4sin kudotulla ja k\u00e4sinsolmitulla vanhalla perinteisell\u00e4 tyylill\u00e4. <BR><UL><LI>Nimi: Laka Voyager <\/LI><LI>Merkitys: valtameret ja kaukaiset maat odottavat Jokaisessa SR-riipuksessa on 54 cm k\u00e4sin kudottu puuvillalanka, k\u00e4sin kiillotettu hopea tai musta viimeistelty tina-riipus, jossa on ainutlaatuinen suojapinnoite. Riipuksen leveys: 2 cm Pituus: 4,6 cm<\/p>","protected":false},"excerpt":{"rendered":"<p>SR5 825873060186<\/p>\n","protected":false},"featured_media":8354,"template":"","meta":[],"product_cat":[169],"product_tag":[],"_links":{"self":[{"href":"https:\/\/bico.ee\/fi\/wp-json\/wp\/v2\/product\/14106"}],"collection":[{"href":"https:\/\/bico.ee\/fi\/wp-json\/wp\/v2\/product"}],"about":[{"href":"https:\/\/bico.ee\/fi\/wp-json\/wp\/v2\/types\/product"}],"wp:featuredmedia":[{"embeddable":true,"href":"https:\/\/bico.ee\/fi\/wp-json\/wp\/v2\/media\/8354"}],"wp:attachment":[{"href":"https:\/\/bico.ee\/fi\/wp-json\/wp\/v2\/media?parent=14106"}],"wp:term":[{"taxonomy":"product_cat","embeddable":true,"href":"https:\/\/bico.ee\/fi\/wp-json\/wp\/v2\/product_cat?post=14106"},{"taxonomy":"product_tag","embeddable":true,"href":"https:\/\/bico.ee\/fi\/wp-json\/wp\/v2\/product_tag?post=14106"}],"curies":[{"name":"wp","href":"https:\/\/api.w.org\/{rel}","templated":true}]}}