{"id":14108,"date":"2026-04-10T18:43:55","date_gmt":"2026-04-10T18:43:55","guid":{"rendered":""},"modified":"2026-04-10T18:43:55","modified_gmt":"2026-04-10T18:43:55","slug":"bico-matua-natuica-maoori-stiilis-hoimuripats-mis-on-solmitud-kasitsi-kootud-nooriga-sr9","status":"publish","type":"product","link":"https:\/\/bico.ee\/fi\/p\/bico-matua-natuica-maorityyppinen-heimo-riipus-solmittu-kasin-kudottuun-johtoon-sr9\/","title":{"rendered":"Bico &#8220;Matua Natuica&#8221; maorityyppinen heimo riipus solmittu k\u00e4sin kudottuun johtoon (SR9)"},"content":{"rendered":"<p>Tyynenmeren kulttuurien innoittamana kokoelma malleja, jotka on integroitu k\u00e4sin kudotulla ja k\u00e4sinsolmitulla vanhalla perinteisell\u00e4 tyylill\u00e4. <BR><UL><LI>Nimi: Matua Natuica <\/LI><LI>Merkitys: Meritiet\u00e4mys, kohdennettu suunta Jokaisessa SR-riipuksessa on 54 cm k\u00e4sin kudottu puuvillalanka. Riipuksen leveys: 2,5 cm Pituus: 5,2 cm<\/p>","protected":false},"excerpt":{"rendered":"<p>SR9 825873060223<\/p>\n","protected":false},"featured_media":8361,"template":"","meta":[],"product_cat":[169],"product_tag":[],"_links":{"self":[{"href":"https:\/\/bico.ee\/fi\/wp-json\/wp\/v2\/product\/14108"}],"collection":[{"href":"https:\/\/bico.ee\/fi\/wp-json\/wp\/v2\/product"}],"about":[{"href":"https:\/\/bico.ee\/fi\/wp-json\/wp\/v2\/types\/product"}],"wp:featuredmedia":[{"embeddable":true,"href":"https:\/\/bico.ee\/fi\/wp-json\/wp\/v2\/media\/8361"}],"wp:attachment":[{"href":"https:\/\/bico.ee\/fi\/wp-json\/wp\/v2\/media?parent=14108"}],"wp:term":[{"taxonomy":"product_cat","embeddable":true,"href":"https:\/\/bico.ee\/fi\/wp-json\/wp\/v2\/product_cat?post=14108"},{"taxonomy":"product_tag","embeddable":true,"href":"https:\/\/bico.ee\/fi\/wp-json\/wp\/v2\/product_tag?post=14108"}],"curies":[{"name":"wp","href":"https:\/\/api.w.org\/{rel}","templated":true}]}}