{"id":14109,"date":"2026-04-10T18:43:55","date_gmt":"2026-04-10T18:43:55","guid":{"rendered":""},"modified":"2026-04-10T18:43:55","modified_gmt":"2026-04-10T18:43:55","slug":"bico-toki-mana-maoori-stiilis-hoimuripats-mis-on-solmitud-kasitsi-kootud-nooriga-sr11","status":"publish","type":"product","link":"https:\/\/bico.ee\/fi\/p\/bico-toki-mana-maori-tyylinen-heimo-riipus-solmittu-kasin-kudottuun-johtoon-sr11\/","title":{"rendered":"Bico &#8220;Toki Mana&#8221; maori tyylinen heimo riipus solmittu k\u00e4sin kudottuun johtoon (SR11)"},"content":{"rendered":"<p>Tyynenmeren kulttuurien innoittamana kokoelma malleja, jotka on integroitu k\u00e4sin kudotulla ja k\u00e4sinsolmitulla vanhalla perinteisell\u00e4 tyylill\u00e4. <BR><UL><LI>Nimi: Toki Mana <\/LI><LI>Merkitys: Rohkeutta vastoink\u00e4ymisten aikana, sinnikkyytt\u00e4 Jokaisen SR-riipuksen mukana tulee 54 cm k\u00e4sin kudottu puuvillalanka. Riipuksen leveys: 2,4 cm Pituus: 5,7 cm<\/p>","protected":false},"excerpt":{"rendered":"<p>SR11 825873060247<\/p>\n","protected":false},"featured_media":8365,"template":"","meta":[],"product_cat":[169],"product_tag":[],"_links":{"self":[{"href":"https:\/\/bico.ee\/fi\/wp-json\/wp\/v2\/product\/14109"}],"collection":[{"href":"https:\/\/bico.ee\/fi\/wp-json\/wp\/v2\/product"}],"about":[{"href":"https:\/\/bico.ee\/fi\/wp-json\/wp\/v2\/types\/product"}],"wp:featuredmedia":[{"embeddable":true,"href":"https:\/\/bico.ee\/fi\/wp-json\/wp\/v2\/media\/8365"}],"wp:attachment":[{"href":"https:\/\/bico.ee\/fi\/wp-json\/wp\/v2\/media?parent=14109"}],"wp:term":[{"taxonomy":"product_cat","embeddable":true,"href":"https:\/\/bico.ee\/fi\/wp-json\/wp\/v2\/product_cat?post=14109"},{"taxonomy":"product_tag","embeddable":true,"href":"https:\/\/bico.ee\/fi\/wp-json\/wp\/v2\/product_tag?post=14109"}],"curies":[{"name":"wp","href":"https:\/\/api.w.org\/{rel}","templated":true}]}}