{"id":14111,"date":"2026-04-10T18:43:55","date_gmt":"2026-04-10T18:43:55","guid":{"rendered":""},"modified":"2026-04-10T18:43:55","modified_gmt":"2026-04-10T18:43:55","slug":"bico-fernlings-maoori-stiilis-hoimuripats-mis-on-solmitud-kasitsi-kootud-nooriga-sr13","status":"publish","type":"product","link":"https:\/\/bico.ee\/fi\/p\/bico-fernlings-maori-tyylinen-heimo-riipus-solmittu-kasin-kudottuun-johtoon-sr13\/","title":{"rendered":"Bico &#8220;Fernlings&#8221; maori tyylinen heimo riipus solmittu k\u00e4sin kudottuun johtoon (SR13)"},"content":{"rendered":"<p>Tyynenmeren kulttuurien innoittamana kokoelma malleja, jotka on integroitu k\u00e4sin kudotulla ja k\u00e4sinsolmitulla vanhalla perinteisell\u00e4 tyylill\u00e4. <BR><UL><LI>Nimi: Fernlings <\/LI><LI>Merkitys: Bondin alku Jokaisessa SR-riipuksessa on 54 cm: n k\u00e4sin kudottu puuvillalanka. Riipuksen leveys: 3,2 cm Pituus: 3,2 cm<\/p>","protected":false},"excerpt":{"rendered":"<p>SR13 825873060261<\/p>\n","protected":false},"featured_media":8373,"template":"","meta":[],"product_cat":[169],"product_tag":[],"_links":{"self":[{"href":"https:\/\/bico.ee\/fi\/wp-json\/wp\/v2\/product\/14111"}],"collection":[{"href":"https:\/\/bico.ee\/fi\/wp-json\/wp\/v2\/product"}],"about":[{"href":"https:\/\/bico.ee\/fi\/wp-json\/wp\/v2\/types\/product"}],"wp:featuredmedia":[{"embeddable":true,"href":"https:\/\/bico.ee\/fi\/wp-json\/wp\/v2\/media\/8373"}],"wp:attachment":[{"href":"https:\/\/bico.ee\/fi\/wp-json\/wp\/v2\/media?parent=14111"}],"wp:term":[{"taxonomy":"product_cat","embeddable":true,"href":"https:\/\/bico.ee\/fi\/wp-json\/wp\/v2\/product_cat?post=14111"},{"taxonomy":"product_tag","embeddable":true,"href":"https:\/\/bico.ee\/fi\/wp-json\/wp\/v2\/product_tag?post=14111"}],"curies":[{"name":"wp","href":"https:\/\/api.w.org\/{rel}","templated":true}]}}