{"id":14112,"date":"2026-04-10T18:43:55","date_gmt":"2026-04-10T18:43:55","guid":{"rendered":""},"modified":"2026-04-10T18:43:55","modified_gmt":"2026-04-10T18:43:55","slug":"bico-oritame-maoori-stiilis-hoimuripats-mis-on-solmitud-kasitsi-kootud-nooriga-sr14","status":"publish","type":"product","link":"https:\/\/bico.ee\/fi\/p\/bico-oritame-maori-tyylinen-heimo-riipus-solmittu-kasin-kudottuun-johtoon-sr14\/","title":{"rendered":"Bico &#8220;Oritame&#8221; maori tyylinen heimo riipus solmittu k\u00e4sin kudottuun johtoon (SR14)"},"content":{"rendered":"<p>Tyynenmeren kulttuurien innoittamana kokoelma malleja, jotka on integroitu k\u00e4sin kudotulla ja k\u00e4sinsolmitulla vanhalla perinteisell\u00e4 tyylill\u00e4. <BR><UL><LI>Nimi: Oritame <\/LI><LI>Merkitys: Culture Warrior, The Power Of Song Jokaisessa SR-riipuksessa on 54 cm: n k\u00e4sin kudottu puuvillalanka. Riipuksen leveys: 3,5 cm Pituus: 3,5 cm<\/p>","protected":false},"excerpt":{"rendered":"<p>SR14 825873060278<\/p>\n","protected":false},"featured_media":8377,"template":"","meta":[],"product_cat":[169],"product_tag":[],"_links":{"self":[{"href":"https:\/\/bico.ee\/fi\/wp-json\/wp\/v2\/product\/14112"}],"collection":[{"href":"https:\/\/bico.ee\/fi\/wp-json\/wp\/v2\/product"}],"about":[{"href":"https:\/\/bico.ee\/fi\/wp-json\/wp\/v2\/types\/product"}],"wp:featuredmedia":[{"embeddable":true,"href":"https:\/\/bico.ee\/fi\/wp-json\/wp\/v2\/media\/8377"}],"wp:attachment":[{"href":"https:\/\/bico.ee\/fi\/wp-json\/wp\/v2\/media?parent=14112"}],"wp:term":[{"taxonomy":"product_cat","embeddable":true,"href":"https:\/\/bico.ee\/fi\/wp-json\/wp\/v2\/product_cat?post=14112"},{"taxonomy":"product_tag","embeddable":true,"href":"https:\/\/bico.ee\/fi\/wp-json\/wp\/v2\/product_tag?post=14112"}],"curies":[{"name":"wp","href":"https:\/\/api.w.org\/{rel}","templated":true}]}}