{"id":14113,"date":"2026-04-10T18:43:55","date_gmt":"2026-04-10T18:43:55","guid":{"rendered":""},"modified":"2026-04-10T18:43:55","modified_gmt":"2026-04-10T18:43:55","slug":"bico-faimalai-maoori-stiilis-hoimuripats-mis-on-solmitud-kasitsi-kootud-nooriga-sr16","status":"publish","type":"product","link":"https:\/\/bico.ee\/fi\/p\/bico-faimalai-maori-tyylinen-heimo-riipus-solmittu-kasin-kudottuun-johtoon-sr16\/","title":{"rendered":"Bico &#8220;Faimalai&#8221; maori tyylinen heimo riipus solmittu k\u00e4sin kudottuun johtoon (SR16)"},"content":{"rendered":"<p>Tyynenmeren kulttuurien innoittamana kokoelma malleja, jotka on integroitu k\u00e4sin kudotulla ja k\u00e4sinsolmitulla vanhalla perinteisell\u00e4 tyylill\u00e4. <BR><UL><LI>Nimi: Faimalai <\/LI><LI>Merkitys: Victor Go The Spoils Jokaisessa SR-riipuksessa on 54 cm: n k\u00e4sin kudottu puuvillalanka. Riipuksen leveys: 2,7 cm Pituus: 3,6 cm<\/p>","protected":false},"excerpt":{"rendered":"<p>SR16 825873060292<\/p>\n","protected":false},"featured_media":8380,"template":"","meta":[],"product_cat":[169],"product_tag":[],"_links":{"self":[{"href":"https:\/\/bico.ee\/fi\/wp-json\/wp\/v2\/product\/14113"}],"collection":[{"href":"https:\/\/bico.ee\/fi\/wp-json\/wp\/v2\/product"}],"about":[{"href":"https:\/\/bico.ee\/fi\/wp-json\/wp\/v2\/types\/product"}],"wp:featuredmedia":[{"embeddable":true,"href":"https:\/\/bico.ee\/fi\/wp-json\/wp\/v2\/media\/8380"}],"wp:attachment":[{"href":"https:\/\/bico.ee\/fi\/wp-json\/wp\/v2\/media?parent=14113"}],"wp:term":[{"taxonomy":"product_cat","embeddable":true,"href":"https:\/\/bico.ee\/fi\/wp-json\/wp\/v2\/product_cat?post=14113"},{"taxonomy":"product_tag","embeddable":true,"href":"https:\/\/bico.ee\/fi\/wp-json\/wp\/v2\/product_tag?post=14113"}],"curies":[{"name":"wp","href":"https:\/\/api.w.org\/{rel}","templated":true}]}}