{"id":14115,"date":"2026-04-10T18:43:55","date_gmt":"2026-04-10T18:43:55","guid":{"rendered":""},"modified":"2026-04-10T18:43:55","modified_gmt":"2026-04-10T18:43:55","slug":"bico-tuli-maoori-stiilis-hoimuripats-mis-on-solmitud-kasitsi-kootud-nooriga-sr20","status":"publish","type":"product","link":"https:\/\/bico.ee\/fi\/p\/bico-tuli-maori-tyylinen-heimo-riipus-solmittu-kasin-kudottuun-johtoon-sr20\/","title":{"rendered":"Bico &#8220;Tuli&#8221; maori tyylinen heimo riipus solmittu k\u00e4sin kudottuun johtoon (SR20)"},"content":{"rendered":"<p>Tyynenmeren kulttuurien innoittamana kokoelma malleja, jotka on integroitu k\u00e4sin kudotulla ja k\u00e4sinsolmitulla vanhalla perinteisell\u00e4 tyylill\u00e4. <BR><UL><LI>Nimi: Tuli <\/LI><LI>Merkitys: Bird Messenger Jokaisessa SR-riipuksessa on 54 cm: n k\u00e4sin kudottu puuvillalanka. Riipuksen leveys: 2,9 cm Pituus: 4,5 cm<\/p>","protected":false},"excerpt":{"rendered":"<p>SR20 825873060339<\/p>\n","protected":false},"featured_media":8387,"template":"","meta":[],"product_cat":[169],"product_tag":[],"_links":{"self":[{"href":"https:\/\/bico.ee\/fi\/wp-json\/wp\/v2\/product\/14115"}],"collection":[{"href":"https:\/\/bico.ee\/fi\/wp-json\/wp\/v2\/product"}],"about":[{"href":"https:\/\/bico.ee\/fi\/wp-json\/wp\/v2\/types\/product"}],"wp:featuredmedia":[{"embeddable":true,"href":"https:\/\/bico.ee\/fi\/wp-json\/wp\/v2\/media\/8387"}],"wp:attachment":[{"href":"https:\/\/bico.ee\/fi\/wp-json\/wp\/v2\/media?parent=14115"}],"wp:term":[{"taxonomy":"product_cat","embeddable":true,"href":"https:\/\/bico.ee\/fi\/wp-json\/wp\/v2\/product_cat?post=14115"},{"taxonomy":"product_tag","embeddable":true,"href":"https:\/\/bico.ee\/fi\/wp-json\/wp\/v2\/product_tag?post=14115"}],"curies":[{"name":"wp","href":"https:\/\/api.w.org\/{rel}","templated":true}]}}