{"id":14117,"date":"2026-04-10T18:43:55","date_gmt":"2026-04-10T18:43:55","guid":{"rendered":""},"modified":"2026-04-10T18:43:55","modified_gmt":"2026-04-10T18:43:55","slug":"bico-the-bat-satiinist-hobedane-viimistletud-ripats-e2","status":"publish","type":"product","link":"https:\/\/bico.ee\/fi\/p\/bico-the-bat-satiini-hopea-viimeistely-riipus-e2\/","title":{"rendered":"Bico &#8220;The Bat&#8221; Satiini hopea viimeistely riipus (E2)"},"content":{"rendered":"<p>Osa Bicon ajattomia allekirjoituksia. <BR><UL><LI>Nimi: Lepakko <\/LI><LI>Merkitys: Pitk\u00e4 el\u00e4m\u00e4 ja onnellisuus <\/LI><LI> Bico tarjoaa valikoiman mattapintaisia \u200b\u200bketjuja ja nahkanauhoja ja kuristimia, jotka t\u00e4ydent\u00e4v\u00e4t t\u00e4t\u00e4 riipusta k\u00e4sin kiillotettua hopeaa viimeistelt\u00e4v\u00e4\u00e4 tina -riipusta ainutlaatuisella suojapinnoitteella. Riipuksen leveys: 2,3 cm Pituus: 2,4 cm Silmukan halkaisija: 6,5 mm<\/p>","protected":false},"excerpt":{"rendered":"<p>E2 825873000014<\/p>\n","protected":false},"featured_media":8394,"template":"","meta":[],"product_cat":[277,300],"product_tag":[],"_links":{"self":[{"href":"https:\/\/bico.ee\/fi\/wp-json\/wp\/v2\/product\/14117"}],"collection":[{"href":"https:\/\/bico.ee\/fi\/wp-json\/wp\/v2\/product"}],"about":[{"href":"https:\/\/bico.ee\/fi\/wp-json\/wp\/v2\/types\/product"}],"wp:featuredmedia":[{"embeddable":true,"href":"https:\/\/bico.ee\/fi\/wp-json\/wp\/v2\/media\/8394"}],"wp:attachment":[{"href":"https:\/\/bico.ee\/fi\/wp-json\/wp\/v2\/media?parent=14117"}],"wp:term":[{"taxonomy":"product_cat","embeddable":true,"href":"https:\/\/bico.ee\/fi\/wp-json\/wp\/v2\/product_cat?post=14117"},{"taxonomy":"product_tag","embeddable":true,"href":"https:\/\/bico.ee\/fi\/wp-json\/wp\/v2\/product_tag?post=14117"}],"curies":[{"name":"wp","href":"https:\/\/api.w.org\/{rel}","templated":true}]}}