{"id":14158,"date":"2026-04-10T18:43:55","date_gmt":"2026-04-10T18:43:55","guid":{"rendered":""},"modified":"2026-04-10T18:43:55","modified_gmt":"2026-04-10T18:43:55","slug":"bico-terran-hobedane-viimistletud-ripats-e105","status":"publish","type":"product","link":"https:\/\/bico.ee\/fi\/p\/bico-terran-satiini-hopea-viimeistelty-riipus-e105\/","title":{"rendered":"Bico &#8220;Terran&#8221; Satiini hopea viimeistelty riipus (E105)"},"content":{"rendered":"<p>Osa Bicon ajattomia allekirjoituksia. <BR><UL><LI>Nimi: Terran <\/LI><LI>Merkitys: Vakauden viisauden suoja <\/LI><LI> Bico tarjoaa valikoiman mattapintaisia \u200b\u200bketjuja ja nahkanauhoja ja kuristimia, jotka t\u00e4ydent\u00e4v\u00e4t t\u00e4t\u00e4 riipusta K\u00e4sin kiillotettu hopea viimeistelty tina riipus ainutlaatuisella suojapinnoitteella. Riipuksen leveys: 2,9 cm Pituus: 4,3 cm Silmukan halkaisija: 8 mm<\/p>","protected":false},"excerpt":{"rendered":"<p>E105 825873000649<\/p>\n","protected":false},"featured_media":8518,"template":"","meta":[],"product_cat":[277,300],"product_tag":[],"_links":{"self":[{"href":"https:\/\/bico.ee\/fi\/wp-json\/wp\/v2\/product\/14158"}],"collection":[{"href":"https:\/\/bico.ee\/fi\/wp-json\/wp\/v2\/product"}],"about":[{"href":"https:\/\/bico.ee\/fi\/wp-json\/wp\/v2\/types\/product"}],"wp:featuredmedia":[{"embeddable":true,"href":"https:\/\/bico.ee\/fi\/wp-json\/wp\/v2\/media\/8518"}],"wp:attachment":[{"href":"https:\/\/bico.ee\/fi\/wp-json\/wp\/v2\/media?parent=14158"}],"wp:term":[{"taxonomy":"product_cat","embeddable":true,"href":"https:\/\/bico.ee\/fi\/wp-json\/wp\/v2\/product_cat?post=14158"},{"taxonomy":"product_tag","embeddable":true,"href":"https:\/\/bico.ee\/fi\/wp-json\/wp\/v2\/product_tag?post=14158"}],"curies":[{"name":"wp","href":"https:\/\/api.w.org\/{rel}","templated":true}]}}