{"id":14183,"date":"2026-04-10T18:43:55","date_gmt":"2026-04-10T18:43:55","guid":{"rendered":""},"modified":"2026-04-10T18:43:55","modified_gmt":"2026-04-10T18:43:55","slug":"bico-shark-fern-satiin-hobedane-viimistletud-ripats-e159","status":"publish","type":"product","link":"https:\/\/bico.ee\/fi\/p\/bico-shark-fern-satiini-hopea-valmis-riipus-e159\/","title":{"rendered":"Bico &#8220;Shark Fern&#8221; Satiini hopea valmis riipus (E159)"},"content":{"rendered":"<p>Osa Bicon ajattomia allekirjoituksia. <BR><UL><LI>Nimi: Shark Fern <\/LI><LI>Merkitys: Uusi alku <\/LI><LI> Bico tarjoaa valikoiman mattapintaisia \u200b\u200bketjuja ja nahkanauhoja ja kuristimia, jotka t\u00e4ydent\u00e4v\u00e4t t\u00e4t\u00e4 riipusta. Riipuksen leveys: 1,1 cm Pituus: 4,2 cm Silmukan halkaisija: 7,5 mm<\/p>","protected":false},"excerpt":{"rendered":"<p>E159 825873025680<\/p>\n","protected":false},"featured_media":8595,"template":"","meta":[],"product_cat":[277,300],"product_tag":[],"_links":{"self":[{"href":"https:\/\/bico.ee\/fi\/wp-json\/wp\/v2\/product\/14183"}],"collection":[{"href":"https:\/\/bico.ee\/fi\/wp-json\/wp\/v2\/product"}],"about":[{"href":"https:\/\/bico.ee\/fi\/wp-json\/wp\/v2\/types\/product"}],"wp:featuredmedia":[{"embeddable":true,"href":"https:\/\/bico.ee\/fi\/wp-json\/wp\/v2\/media\/8595"}],"wp:attachment":[{"href":"https:\/\/bico.ee\/fi\/wp-json\/wp\/v2\/media?parent=14183"}],"wp:term":[{"taxonomy":"product_cat","embeddable":true,"href":"https:\/\/bico.ee\/fi\/wp-json\/wp\/v2\/product_cat?post=14183"},{"taxonomy":"product_tag","embeddable":true,"href":"https:\/\/bico.ee\/fi\/wp-json\/wp\/v2\/product_tag?post=14183"}],"curies":[{"name":"wp","href":"https:\/\/api.w.org\/{rel}","templated":true}]}}