{"id":14204,"date":"2026-04-24T07:43:52","date_gmt":"2026-04-24T07:43:52","guid":{"rendered":""},"modified":"2026-04-24T07:43:52","modified_gmt":"2026-04-24T07:43:52","slug":"bico-pooratud-leegiga-satiinist-hobedane-ripats-e243","status":"publish","type":"product","link":"https:\/\/bico.ee\/fi\/p\/bico-kaanteinen-liekki-satiini-hopea-valmis-riipus-e243\/","title":{"rendered":"Bico &#8220;K\u00e4\u00e4nteinen liekki&#8221; Satiini hopea valmis riipus (E243)"},"content":{"rendered":"<p>Osa Bicon ajattomia allekirjoituksia. <BR><UL><LI>Nimi: K\u00e4\u00e4nteinen liekki <\/LI><LI>Merkitys: Nauti yksin\u00e4isyydest\u00e4 Syv\u00e4sti Introspektiivinen <\/LI><LI> Bico tarjoaa valikoiman mattapintaisia \u200b\u200bketjuja ja nahkanauhoja ja kuristimia, jotka t\u00e4ydent\u00e4v\u00e4t t\u00e4t\u00e4 riipusta. Riipuksen leveys: 1,8 cm Pituus: 3,6 cm Silmukan halkaisija: 6,5 mm<\/p>","protected":false},"excerpt":{"rendered":"<p>E243 825873046081<\/p>\n","protected":false},"featured_media":8660,"template":"","meta":[],"product_cat":[277,300],"product_tag":[],"_links":{"self":[{"href":"https:\/\/bico.ee\/fi\/wp-json\/wp\/v2\/product\/14204"}],"collection":[{"href":"https:\/\/bico.ee\/fi\/wp-json\/wp\/v2\/product"}],"about":[{"href":"https:\/\/bico.ee\/fi\/wp-json\/wp\/v2\/types\/product"}],"wp:featuredmedia":[{"embeddable":true,"href":"https:\/\/bico.ee\/fi\/wp-json\/wp\/v2\/media\/8660"}],"wp:attachment":[{"href":"https:\/\/bico.ee\/fi\/wp-json\/wp\/v2\/media?parent=14204"}],"wp:term":[{"taxonomy":"product_cat","embeddable":true,"href":"https:\/\/bico.ee\/fi\/wp-json\/wp\/v2\/product_cat?post=14204"},{"taxonomy":"product_tag","embeddable":true,"href":"https:\/\/bico.ee\/fi\/wp-json\/wp\/v2\/product_tag?post=14204"}],"curies":[{"name":"wp","href":"https:\/\/api.w.org\/{rel}","templated":true}]}}