{"id":14216,"date":"2026-04-10T18:43:56","date_gmt":"2026-04-10T18:43:56","guid":{"rendered":""},"modified":"2026-04-10T18:43:56","modified_gmt":"2026-04-10T18:43:56","slug":"bico-noble-sword-satiin-hobedane-viimistletud-ripats-e258","status":"publish","type":"product","link":"https:\/\/bico.ee\/fi\/p\/bico-noble-sword-satiini-hopea-valmis-riipus-e258\/","title":{"rendered":"Bico &#8220;Noble Sword&#8221; Satiini hopea valmis riipus (E258)"},"content":{"rendered":"<p>Osa Bicon ajattomia allekirjoituksia. <BR><UL><LI>Nimi: jalo miekka <\/LI><LI>Merkitys: &#8220;&#8221;Voimalla on kaksoisn\u00e4k\u00f6kulma&#8221;&#8221; <\/LI><LI> Bico tarjoaa valikoiman mattapintaisia \u200b\u200bketjuja ja nahkanauhoja ja kuristimia, jotka t\u00e4ydent\u00e4v\u00e4t t\u00e4t\u00e4 riipusta. Riipuksen leveys: 2,4 cm Pituus: 4,6 cm Silmukan halkaisija: 6,5 mm&#8221;&#8221;<\/p>","protected":false},"excerpt":{"rendered":"<p>E258 825873046685<\/p>\n","protected":false},"featured_media":8696,"template":"","meta":[],"product_cat":[277,300],"product_tag":[],"_links":{"self":[{"href":"https:\/\/bico.ee\/fi\/wp-json\/wp\/v2\/product\/14216"}],"collection":[{"href":"https:\/\/bico.ee\/fi\/wp-json\/wp\/v2\/product"}],"about":[{"href":"https:\/\/bico.ee\/fi\/wp-json\/wp\/v2\/types\/product"}],"wp:featuredmedia":[{"embeddable":true,"href":"https:\/\/bico.ee\/fi\/wp-json\/wp\/v2\/media\/8696"}],"wp:attachment":[{"href":"https:\/\/bico.ee\/fi\/wp-json\/wp\/v2\/media?parent=14216"}],"wp:term":[{"taxonomy":"product_cat","embeddable":true,"href":"https:\/\/bico.ee\/fi\/wp-json\/wp\/v2\/product_cat?post=14216"},{"taxonomy":"product_tag","embeddable":true,"href":"https:\/\/bico.ee\/fi\/wp-json\/wp\/v2\/product_tag?post=14216"}],"curies":[{"name":"wp","href":"https:\/\/api.w.org\/{rel}","templated":true}]}}