{"id":14233,"date":"2026-04-10T18:43:56","date_gmt":"2026-04-10T18:43:56","guid":{"rendered":""},"modified":"2026-04-10T18:43:56","modified_gmt":"2026-04-10T18:43:56","slug":"bico-dagger-satiin-hobedane-viimistletud-ripats-e284","status":"publish","type":"product","link":"https:\/\/bico.ee\/fi\/p\/bico-dagger-satiini-hopea-viimeistelty-riipus-e284\/","title":{"rendered":"Bico &#8220;Dagger&#8221; Satiini hopea viimeistelty riipus (E284)"},"content":{"rendered":"<p>Osa Bicon ajattomia allekirjoituksia. <BR><UL><LI>Nimi: tikari <\/LI><LI>Merkitys: toiminta ja seuraukset <\/LI><LI> Bico tarjoaa valikoiman mattapintaisia \u200b\u200bketjuja ja nahkanauhoja ja kuristimia, jotka t\u00e4ydent\u00e4v\u00e4t t\u00e4t\u00e4 riipusta k\u00e4sin kiillotettua hopeaa viimeistelt\u00e4v\u00e4\u00e4 tina -riipusta ainutlaatuisella suojapinnoitteella. Riipuksen leveys: 1,2 cm Pituus: 3,7 cm Silmukan halkaisija: 6,5 mm<\/p>","protected":false},"excerpt":{"rendered":"<p>E284 825873048023<\/p>\n","protected":false},"featured_media":8746,"template":"","meta":[],"product_cat":[277,300],"product_tag":[],"_links":{"self":[{"href":"https:\/\/bico.ee\/fi\/wp-json\/wp\/v2\/product\/14233"}],"collection":[{"href":"https:\/\/bico.ee\/fi\/wp-json\/wp\/v2\/product"}],"about":[{"href":"https:\/\/bico.ee\/fi\/wp-json\/wp\/v2\/types\/product"}],"wp:featuredmedia":[{"embeddable":true,"href":"https:\/\/bico.ee\/fi\/wp-json\/wp\/v2\/media\/8746"}],"wp:attachment":[{"href":"https:\/\/bico.ee\/fi\/wp-json\/wp\/v2\/media?parent=14233"}],"wp:term":[{"taxonomy":"product_cat","embeddable":true,"href":"https:\/\/bico.ee\/fi\/wp-json\/wp\/v2\/product_cat?post=14233"},{"taxonomy":"product_tag","embeddable":true,"href":"https:\/\/bico.ee\/fi\/wp-json\/wp\/v2\/product_tag?post=14233"}],"curies":[{"name":"wp","href":"https:\/\/api.w.org\/{rel}","templated":true}]}}