{"id":14247,"date":"2026-04-10T18:43:56","date_gmt":"2026-04-10T18:43:56","guid":{"rendered":""},"modified":"2026-04-10T18:43:56","modified_gmt":"2026-04-10T18:43:56","slug":"bico-bico-tiki-satiin-hobedane-viimistletud-maoori-stiilis-hoimuliip-e304","status":"publish","type":"product","link":"https:\/\/bico.ee\/fi\/p\/bico-bico-tiki-satin-silver-valmis-maori-tyylinen-heimo-riipus-e304\/","title":{"rendered":"Bico &#8220;Bico&#8221; Tiki &#8220;Satin Silver Valmis maori tyylinen heimo riipus (E304)"},"content":{"rendered":"<p>Osa Bicon ajattomia allekirjoituksia. <BR><UL><LI>Nimi: <\/LI><LI> Bico Tiki <\/LI><LI>Merkitys: Opas avoimeen maailmaan <\/LI><LI> Bico tarjoaa valikoiman mattapintaisia \u200b\u200bketjuja ja nahkanauhoja ja kuristimia, jotka t\u00e4ydent\u00e4v\u00e4t t\u00e4t\u00e4 riipusta. Riipuksen leveys: 2,5 cm Pituus: 3,7 cm Silmukan halkaisija: 7 mm<\/p>","protected":false},"excerpt":{"rendered":"<p>E304 825873067796<\/p>\n","protected":false},"featured_media":8790,"template":"","meta":[],"product_cat":[277,300],"product_tag":[],"_links":{"self":[{"href":"https:\/\/bico.ee\/fi\/wp-json\/wp\/v2\/product\/14247"}],"collection":[{"href":"https:\/\/bico.ee\/fi\/wp-json\/wp\/v2\/product"}],"about":[{"href":"https:\/\/bico.ee\/fi\/wp-json\/wp\/v2\/types\/product"}],"wp:featuredmedia":[{"embeddable":true,"href":"https:\/\/bico.ee\/fi\/wp-json\/wp\/v2\/media\/8790"}],"wp:attachment":[{"href":"https:\/\/bico.ee\/fi\/wp-json\/wp\/v2\/media?parent=14247"}],"wp:term":[{"taxonomy":"product_cat","embeddable":true,"href":"https:\/\/bico.ee\/fi\/wp-json\/wp\/v2\/product_cat?post=14247"},{"taxonomy":"product_tag","embeddable":true,"href":"https:\/\/bico.ee\/fi\/wp-json\/wp\/v2\/product_tag?post=14247"}],"curies":[{"name":"wp","href":"https:\/\/api.w.org\/{rel}","templated":true}]}}