{"id":14249,"date":"2026-04-10T18:43:56","date_gmt":"2026-04-10T18:43:56","guid":{"rendered":""},"modified":"2026-04-10T18:43:56","modified_gmt":"2026-04-10T18:43:56","slug":"bico-mary-guadalupe-hobedane-viimistletud-ripats-e306","status":"publish","type":"product","link":"https:\/\/bico.ee\/fi\/p\/bico-mary-guadalupe-satiini-hopea-valmis-riipus-e306\/","title":{"rendered":"Bico &#8220;Mary (Guadalupe)&#8221; Satiini hopea valmis riipus (E306)"},"content":{"rendered":"<p>Osa Bicon ajattomia allekirjoituksia. <BR><UL><LI>Nimi: Mary (Guadalupe) <\/LI><LI>Merkitys: Puhtaus, Spirit Of Mary <\/LI><LI> Bico tarjoaa valikoiman mattapintaisia \u200b\u200bketjuja ja nahkanauhoja ja kuristimia, jotka t\u00e4ydent\u00e4v\u00e4t t\u00e4t\u00e4 riipusta K\u00e4sin kiillotettu hopea viimeistelty tina riipus ainutlaatuisella suojapinnoitteella. Riipuksen leveys: 3,5 cm Pituus: 3,5 cm Silmukan halkaisija: 7 mm<\/p>","protected":false},"excerpt":{"rendered":"<p>E306 825873067819<\/p>\n","protected":false},"featured_media":8796,"template":"","meta":[],"product_cat":[277,300],"product_tag":[],"_links":{"self":[{"href":"https:\/\/bico.ee\/fi\/wp-json\/wp\/v2\/product\/14249"}],"collection":[{"href":"https:\/\/bico.ee\/fi\/wp-json\/wp\/v2\/product"}],"about":[{"href":"https:\/\/bico.ee\/fi\/wp-json\/wp\/v2\/types\/product"}],"wp:featuredmedia":[{"embeddable":true,"href":"https:\/\/bico.ee\/fi\/wp-json\/wp\/v2\/media\/8796"}],"wp:attachment":[{"href":"https:\/\/bico.ee\/fi\/wp-json\/wp\/v2\/media?parent=14249"}],"wp:term":[{"taxonomy":"product_cat","embeddable":true,"href":"https:\/\/bico.ee\/fi\/wp-json\/wp\/v2\/product_cat?post=14249"},{"taxonomy":"product_tag","embeddable":true,"href":"https:\/\/bico.ee\/fi\/wp-json\/wp\/v2\/product_tag?post=14249"}],"curies":[{"name":"wp","href":"https:\/\/api.w.org\/{rel}","templated":true}]}}