{"id":14286,"date":"2026-04-10T18:43:56","date_gmt":"2026-04-10T18:43:56","guid":{"rendered":""},"modified":"2026-04-10T18:43:56","modified_gmt":"2026-04-10T18:43:56","slug":"bico-stud-vaike-satiin-hobedane-viimistletud-ripats-e211","status":"publish","type":"product","link":"https:\/\/bico.ee\/fi\/p\/bico-stud-pieni-satiini-hopea-valmis-riipus-e211\/","title":{"rendered":"Bico &#8220;Stud&#8221; Pieni Satiini Hopea Valmis Riipus (E211)"},"content":{"rendered":"<p>Osa Bicon ajattomia allekirjoituksia. <BR><UL><LI>Nimi: Stud <\/LI><LI>Merkitys: Virtue Of Knighthood <\/LI><LI> Bico tarjoaa valikoiman mattapintaisia \u200b\u200bketjuja ja nahkanauhoja ja kuristimia, jotka t\u00e4ydent\u00e4v\u00e4t t\u00e4t\u00e4 riipusta k\u00e4sin kiillotettua hopeaa viimeistelt\u00e4v\u00e4\u00e4 tina -riipusta ainutlaatuisella suojapinnoitteella. Riipuksen leveys: 0,5 cm Pituus: 1,9 cm Silmukan halkaisija: 4 mm<\/p>","protected":false},"excerpt":{"rendered":"<p>E211 825873000946<\/p>\n","protected":false},"featured_media":8911,"template":"","meta":[],"product_cat":[277,300],"product_tag":[],"_links":{"self":[{"href":"https:\/\/bico.ee\/fi\/wp-json\/wp\/v2\/product\/14286"}],"collection":[{"href":"https:\/\/bico.ee\/fi\/wp-json\/wp\/v2\/product"}],"about":[{"href":"https:\/\/bico.ee\/fi\/wp-json\/wp\/v2\/types\/product"}],"wp:featuredmedia":[{"embeddable":true,"href":"https:\/\/bico.ee\/fi\/wp-json\/wp\/v2\/media\/8911"}],"wp:attachment":[{"href":"https:\/\/bico.ee\/fi\/wp-json\/wp\/v2\/media?parent=14286"}],"wp:term":[{"taxonomy":"product_cat","embeddable":true,"href":"https:\/\/bico.ee\/fi\/wp-json\/wp\/v2\/product_cat?post=14286"},{"taxonomy":"product_tag","embeddable":true,"href":"https:\/\/bico.ee\/fi\/wp-json\/wp\/v2\/product_tag?post=14286"}],"curies":[{"name":"wp","href":"https:\/\/api.w.org\/{rel}","templated":true}]}}