{"id":14301,"date":"2026-04-10T18:43:56","date_gmt":"2026-04-10T18:43:56","guid":{"rendered":""},"modified":"2026-04-10T18:43:56","modified_gmt":"2026-04-10T18:43:56","slug":"bico-two-eagles-ripats-musta-viimistlusega-e249-must","status":"publish","type":"product","link":"https:\/\/bico.ee\/fi\/p\/bico-two-eagles-riipus-musta-viimeistely-e249-musta\/","title":{"rendered":"Bico &#8220;Two Eagles&#8221; riipus musta viimeistely (E249 musta)"},"content":{"rendered":"<p>Osa Bicon ajattomia allekirjoituksia. <BR><UL><LI>Nimi: Two Eagles <\/LI><LI>Merkitys: Tasapainottava syd\u00e4n ja mieli <\/LI><LI> Bico tarjoaa valikoiman mustia viimeisteltyj\u00e4 ketjuja, nahkanauhoja ja kuristimia, jotka t\u00e4ydent\u00e4v\u00e4t t\u00e4t\u00e4 riipusta. Saatavilla olevat viimeistelyt: hopea tai musta. Riipuksen leveys: 2,6 cm Pituus: 3,4 cm Silmukan halkaisija: 6,5 mm<\/p>","protected":false},"excerpt":{"rendered":"<p>E249BLK 825873046319<\/p>\n","protected":false},"featured_media":8957,"template":"","meta":[],"product_cat":[298],"product_tag":[],"_links":{"self":[{"href":"https:\/\/bico.ee\/fi\/wp-json\/wp\/v2\/product\/14301"}],"collection":[{"href":"https:\/\/bico.ee\/fi\/wp-json\/wp\/v2\/product"}],"about":[{"href":"https:\/\/bico.ee\/fi\/wp-json\/wp\/v2\/types\/product"}],"wp:featuredmedia":[{"embeddable":true,"href":"https:\/\/bico.ee\/fi\/wp-json\/wp\/v2\/media\/8957"}],"wp:attachment":[{"href":"https:\/\/bico.ee\/fi\/wp-json\/wp\/v2\/media?parent=14301"}],"wp:term":[{"taxonomy":"product_cat","embeddable":true,"href":"https:\/\/bico.ee\/fi\/wp-json\/wp\/v2\/product_cat?post=14301"},{"taxonomy":"product_tag","embeddable":true,"href":"https:\/\/bico.ee\/fi\/wp-json\/wp\/v2\/product_tag?post=14301"}],"curies":[{"name":"wp","href":"https:\/\/api.w.org\/{rel}","templated":true}]}}