{"id":14303,"date":"2026-04-10T18:43:56","date_gmt":"2026-04-10T18:43:56","guid":{"rendered":""},"modified":"2026-04-10T18:43:56","modified_gmt":"2026-04-10T18:43:56","slug":"bico-epiphany-kala-ripats-musta-viimistlusega-e255-must","status":"publish","type":"product","link":"https:\/\/bico.ee\/fi\/p\/bico-epiphany-kalariipus-musta-viimeistely-e255-musta\/","title":{"rendered":"Bico &#8220;Epiphany&#8221; kalariipus musta viimeistely (E255 musta)"},"content":{"rendered":"<p>Osa Bicon ajattomia allekirjoituksia. <BR><UL><LI>Nimi: Loppiainen <\/LI><LI>Merkitys: Intuitiivinen ja havainnollinen <\/LI><LI> Bico tarjoaa valikoiman mustia viimeisteltyj\u00e4 ketjuja, nahkanauhoja ja kuristimia, jotka t\u00e4ydent\u00e4v\u00e4t t\u00e4t\u00e4 riipusta. Saatavilla olevat viimeistelyt: hopea tai musta. Riipuksen leveys: 1,3 cm Pituus: 4,3 cm Silmukan halkaisija: 6,5 mm<\/p>","protected":false},"excerpt":{"rendered":"<p>E255BLK 825873046555<\/p>\n","protected":false},"featured_media":8962,"template":"","meta":[],"product_cat":[298],"product_tag":[],"_links":{"self":[{"href":"https:\/\/bico.ee\/fi\/wp-json\/wp\/v2\/product\/14303"}],"collection":[{"href":"https:\/\/bico.ee\/fi\/wp-json\/wp\/v2\/product"}],"about":[{"href":"https:\/\/bico.ee\/fi\/wp-json\/wp\/v2\/types\/product"}],"wp:featuredmedia":[{"embeddable":true,"href":"https:\/\/bico.ee\/fi\/wp-json\/wp\/v2\/media\/8962"}],"wp:attachment":[{"href":"https:\/\/bico.ee\/fi\/wp-json\/wp\/v2\/media?parent=14303"}],"wp:term":[{"taxonomy":"product_cat","embeddable":true,"href":"https:\/\/bico.ee\/fi\/wp-json\/wp\/v2\/product_cat?post=14303"},{"taxonomy":"product_tag","embeddable":true,"href":"https:\/\/bico.ee\/fi\/wp-json\/wp\/v2\/product_tag?post=14303"}],"curies":[{"name":"wp","href":"https:\/\/api.w.org\/{rel}","templated":true}]}}