{"id":14314,"date":"2026-04-10T18:43:56","date_gmt":"2026-04-10T18:43:56","guid":{"rendered":""},"modified":"2026-04-10T18:43:56","modified_gmt":"2026-04-10T18:43:56","slug":"bico-vegas-risti-ripats-musta-viimistlusega-e288-must","status":"publish","type":"product","link":"https:\/\/bico.ee\/fi\/p\/bico-vegas-ristiriipus-musta-viimeistely-e288-musta\/","title":{"rendered":"Bico &#8220;Vegas&#8221; ristiriipus musta viimeistely (E288 musta)"},"content":{"rendered":"<p>Osa Bicon ajattomia allekirjoituksia. <BR><UL><LI>Nimi: Vegas <\/LI><LI>Merkitys: Ole impulsiivinen, Improvise <\/LI><LI> Bico tarjoaa valikoiman mustia viimeisteltyj\u00e4 ketjuja, nahkanauhoja ja kuristimia, jotka t\u00e4ydent\u00e4v\u00e4t t\u00e4t\u00e4 riipusta. Saatavilla olevat viimeistelyt: hopea tai musta. Riipuksen leveys: 2,7 cm Pituus: 3,9 cm Silmukan halkaisija: 6,5 mm<\/p>","protected":false},"excerpt":{"rendered":"<p>E288BLK 825873048177<\/p>\n","protected":false},"featured_media":8994,"template":"","meta":[],"product_cat":[298],"product_tag":[],"_links":{"self":[{"href":"https:\/\/bico.ee\/fi\/wp-json\/wp\/v2\/product\/14314"}],"collection":[{"href":"https:\/\/bico.ee\/fi\/wp-json\/wp\/v2\/product"}],"about":[{"href":"https:\/\/bico.ee\/fi\/wp-json\/wp\/v2\/types\/product"}],"wp:featuredmedia":[{"embeddable":true,"href":"https:\/\/bico.ee\/fi\/wp-json\/wp\/v2\/media\/8994"}],"wp:attachment":[{"href":"https:\/\/bico.ee\/fi\/wp-json\/wp\/v2\/media?parent=14314"}],"wp:term":[{"taxonomy":"product_cat","embeddable":true,"href":"https:\/\/bico.ee\/fi\/wp-json\/wp\/v2\/product_cat?post=14314"},{"taxonomy":"product_tag","embeddable":true,"href":"https:\/\/bico.ee\/fi\/wp-json\/wp\/v2\/product_tag?post=14314"}],"curies":[{"name":"wp","href":"https:\/\/api.w.org\/{rel}","templated":true}]}}