{"id":15732,"date":"2026-04-10T18:44:01","date_gmt":"2026-04-10T18:44:01","guid":{"rendered":""},"modified":"2026-04-10T18:44:01","modified_gmt":"2026-04-10T18:44:01","slug":"bico-mustad-nahast-katised-randmepaelad-bwb4-must-50mm-1-31-32","status":"publish","type":"product","link":"https:\/\/bico.ee\/fi\/p\/bico-black-nahkahihnat-rannekkeet-bwb4-musta-50mm-1-31-32\/","title":{"rendered":"Bico Black nahkahihnat \/ rannekkeet (BWB4 musta) 50mm 1 31\/32\u2033"},"content":{"rendered":"<p>Aitoa lehm\u00e4nnahkaa, jossa heimojen kuvioita on poltettu kasvoihin, sis\u00e4lt\u00e4en 3 sarjaa positoivia niittej\u00e4 eri pituuksien asettamiseksi. Koska nahka on luonnontuote, kunkin kappaleen v\u00e4ri ja rakenne eroavat hieman. Kolme niitin asentoa luovat s\u00e4\u00e4dett\u00e4v\u00e4n pituuden: 19, 21 ja 23 cm.<\/p>","protected":false},"excerpt":{"rendered":"<p>BWB4BLK 825873025772<\/p>\n","protected":false},"featured_media":10729,"template":"","meta":[],"product_cat":[112],"product_tag":[],"_links":{"self":[{"href":"https:\/\/bico.ee\/fi\/wp-json\/wp\/v2\/product\/15732"}],"collection":[{"href":"https:\/\/bico.ee\/fi\/wp-json\/wp\/v2\/product"}],"about":[{"href":"https:\/\/bico.ee\/fi\/wp-json\/wp\/v2\/types\/product"}],"wp:featuredmedia":[{"embeddable":true,"href":"https:\/\/bico.ee\/fi\/wp-json\/wp\/v2\/media\/10729"}],"wp:attachment":[{"href":"https:\/\/bico.ee\/fi\/wp-json\/wp\/v2\/media?parent=15732"}],"wp:term":[{"taxonomy":"product_cat","embeddable":true,"href":"https:\/\/bico.ee\/fi\/wp-json\/wp\/v2\/product_cat?post=15732"},{"taxonomy":"product_tag","embeddable":true,"href":"https:\/\/bico.ee\/fi\/wp-json\/wp\/v2\/product_tag?post=15732"}],"curies":[{"name":"wp","href":"https:\/\/api.w.org\/{rel}","templated":true}]}}